{"id":3620,"date":"2026-03-05T10:27:27","date_gmt":"2026-03-05T14:27:27","guid":{"rendered":"https:\/\/decadm.uprrp.edu\/recursoshumanos\/?page_id=3620"},"modified":"2026-03-05T10:28:31","modified_gmt":"2026-03-05T14:28:31","slug":"trasfondo-del-programa","status":"publish","type":"page","link":"https:\/\/decadm.uprrp.edu\/recursoshumanos\/adiestramientos\/trasfondo-del-programa\/","title":{"rendered":"Trasfondo del programa"},"content":{"rendered":"\t\t<div data-elementor-type=\"wp-page\" data-elementor-id=\"3620\" class=\"elementor elementor-3620\">\n\t\t\t\t\t\t<section class=\"elementor-section elementor-top-section elementor-element elementor-element-1e32adb elementor-section-full_width elementor-section-height-default elementor-section-height-default\" data-id=\"1e32adb\" data-element_type=\"section\" data-e-type=\"section\" data-settings=\"{&quot;background_background&quot;:&quot;classic&quot;}\">\n\t\t\t\t\t\t<div class=\"elementor-container elementor-column-gap-default\">\n\t\t\t\t\t<div class=\"elementor-column elementor-col-100 elementor-top-column elementor-element elementor-element-e0821d0\" data-id=\"e0821d0\" data-element_type=\"column\" data-e-type=\"column\">\n\t\t\t<div class=\"elementor-widget-wrap elementor-element-populated\">\n\t\t\t\t\t\t<div class=\"elementor-element elementor-element-e583803 elementor-widget__width-initial elementor-invisible elementor-widget elementor-widget-heading\" data-id=\"e583803\" data-element_type=\"widget\" data-e-type=\"widget\" data-settings=\"{&quot;_animation&quot;:&quot;zoomIn&quot;}\" data-widget_type=\"heading.default\">\n\t\t\t\t<div class=\"elementor-widget-container\">\n\t\t\t\t\t<h1 class=\"elementor-heading-title elementor-size-default\">Programa de Capacitaci\u00f3n y Desarrollo<br>Profesional del Personal del<br>Recinto de R\u00edo Piedras<\/h1>\t\t\t\t<\/div>\n\t\t\t\t<\/div>\n\t\t\t\t\t<\/div>\n\t\t<\/div>\n\t\t\t\t\t<\/div>\n\t\t<\/section>\n\t\t<div class=\"elementor-element elementor-element-7144b26 e-con-full e-flex e-con e-parent\" data-id=\"7144b26\" data-element_type=\"container\" data-e-type=\"container\" data-settings=\"{&quot;background_background&quot;:&quot;classic&quot;}\">\n\t\t\t\t<div class=\"elementor-element elementor-element-c8e68f9 elementor-widget__width-inherit eael_simple_menu_hamburger_disable_selected_menu_no eael-simple-menu-hamburger-align-right eael-hamburger--tablet elementor-widget elementor-widget-eael-simple-menu\" data-id=\"c8e68f9\" data-element_type=\"widget\" data-e-type=\"widget\" data-widget_type=\"eael-simple-menu.default\">\n\t\t\t\t<div class=\"elementor-widget-container\">\n\t\t\t\t\t<style>\n                        @media screen and (max-width: 1024px) {\n                            .eael-hamburger--tablet {\n                                .eael-simple-menu-horizontal,\n                                .eael-simple-menu-vertical {\n                                    display: none;\n                                }\n                            }\n                            .eael-hamburger--tablet {\n                                .eael-simple-menu-container .eael-simple-menu-toggle {\n                                    display: block;\n                                }\n                            }\n                        }\n                    <\/style>            <div data-hamburger-icon=\"&lt;svg aria-hidden=&quot;true&quot; class=&quot;e-font-icon-svg e-fas-bars&quot; viewBox=&quot;0 0 448 512&quot; xmlns=&quot;http:\/\/www.w3.org\/2000\/svg&quot;&gt;&lt;path d=&quot;M16 132h416c8.837 0 16-7.163 16-16V76c0-8.837-7.163-16-16-16H16C7.163 60 0 67.163 0 76v40c0 8.837 7.163 16 16 16zm0 160h416c8.837 0 16-7.163 16-16v-40c0-8.837-7.163-16-16-16H16c-8.837 0-16 7.163-16 16v40c0 8.837 7.163 16 16 16zm0 160h416c8.837 0 16-7.163 16-16v-40c0-8.837-7.163-16-16-16H16c-8.837 0-16 7.163-16 16v40c0 8.837 7.163 16 16 16z&quot;&gt;&lt;\/path&gt;&lt;\/svg&gt;\" data-indicator-icon=\"&lt;svg aria-hidden=&quot;true&quot; class=&quot;e-font-icon-svg e-fas-angle-down&quot; viewBox=&quot;0 0 320 512&quot; xmlns=&quot;http:\/\/www.w3.org\/2000\/svg&quot;&gt;&lt;path d=&quot;M143 352.3L7 216.3c-9.4-9.4-9.4-24.6 0-33.9l22.6-22.6c9.4-9.4 24.6-9.4 33.9 0l96.4 96.4 96.4-96.4c9.4-9.4 24.6-9.4 33.9 0l22.6 22.6c9.4 9.4 9.4 24.6 0 33.9l-136 136c-9.2 9.4-24.4 9.4-33.8 0z&quot;&gt;&lt;\/path&gt;&lt;\/svg&gt;\" data-dropdown-indicator-icon=\"&lt;svg class=&quot;e-font-icon-svg e-fas-angle-down&quot; viewBox=&quot;0 0 320 512&quot; xmlns=&quot;http:\/\/www.w3.org\/2000\/svg&quot;&gt;&lt;path d=&quot;M143 352.3L7 216.3c-9.4-9.4-9.4-24.6 0-33.9l22.6-22.6c9.4-9.4 24.6-9.4 33.9 0l96.4 96.4 96.4-96.4c9.4-9.4 24.6-9.4 33.9 0l22.6 22.6c9.4 9.4 9.4 24.6 0 33.9l-136 136c-9.2 9.4-24.4 9.4-33.8 0z&quot;&gt;&lt;\/path&gt;&lt;\/svg&gt;\" class=\"eael-simple-menu-container eael-simple-menu-align-left eael-simple-menu-dropdown-align-left preset-1\" data-hamburger-breakpoints=\"{&quot;mobile&quot;:&quot;M\\u00f3vil vertical (&gt; 767px)&quot;,&quot;tablet&quot;:&quot;Tableta vertical (&gt; 1024px)&quot;,&quot;desktop&quot;:&quot;Desktop (&gt; 2400px)&quot;,&quot;none&quot;:&quot;None&quot;}\" data-hamburger-device=\"tablet\">\n                <ul id=\"menu-adiestramientos\" class=\"eael-simple-menu eael-simple-menu-dropdown-animate-to-top eael-simple-menu-indicator eael-simple-menu-horizontal\"><li id=\"menu-item-3551\" class=\"menu-item menu-item-type-post_type menu-item-object-page menu-item-home menu-item-3551\"><a href=\"https:\/\/decadm.uprrp.edu\/recursoshumanos\/\">Inicio<\/a><\/li>\n<li id=\"menu-item-3552\" class=\"menu-item menu-item-type-post_type menu-item-object-page menu-item-3552\"><a href=\"https:\/\/decadm.uprrp.edu\/recursoshumanos\/adiestramientos\/\">Adiestramientos<\/a><\/li>\n<li id=\"menu-item-3555\" class=\"menu-item menu-item-type-post_type menu-item-object-page menu-item-3555\"><a href=\"https:\/\/decadm.uprrp.edu\/recursoshumanos\/adiestramientos\/objetivos\/\">Objetivos<\/a><\/li>\n<li id=\"menu-item-3629\" class=\"menu-item menu-item-type-post_type menu-item-object-page menu-item-3629\"><a href=\"https:\/\/decadm.uprrp.edu\/recursoshumanos\/adiestramientos\/trasfondo-del-programa\/\">Trasfondo del programa<\/a><\/li>\n<li id=\"menu-item-3553\" class=\"menu-item menu-item-type-post_type menu-item-object-page menu-item-3553\"><a href=\"https:\/\/decadm.uprrp.edu\/recursoshumanos\/adiestramientos\/areas-principales\/\">\u00c1reas principales<\/a><\/li>\n<li id=\"menu-item-3554\" class=\"menu-item menu-item-type-post_type menu-item-object-page menu-item-3554\"><a href=\"https:\/\/decadm.uprrp.edu\/recursoshumanos\/adiestramientos\/calendario-de-actividades\/\">Calendario de Actividades<\/a><\/li>\n<\/ul>                <button class=\"eael-simple-menu-toggle\">\n                    <span class=\"sr-only \">Hamburger Toggle Menu<\/span>\n                    <svg aria-hidden=\"true\" class=\"e-font-icon-svg e-fas-bars\" viewBox=\"0 0 448 512\" xmlns=\"http:\/\/www.w3.org\/2000\/svg\"><path d=\"M16 132h416c8.837 0 16-7.163 16-16V76c0-8.837-7.163-16-16-16H16C7.163 60 0 67.163 0 76v40c0 8.837 7.163 16 16 16zm0 160h416c8.837 0 16-7.163 16-16v-40c0-8.837-7.163-16-16-16H16c-8.837 0-16 7.163-16 16v40c0 8.837 7.163 16 16 16zm0 160h416c8.837 0 16-7.163 16-16v-40c0-8.837-7.163-16-16-16H16c-8.837 0-16 7.163-16 16v40c0 8.837 7.163 16 16 16z\"><\/path><\/svg>                <\/button>\n            <\/div>\n            \t\t\t\t<\/div>\n\t\t\t\t<\/div>\n\t\t\t\t<\/div>\n\t\t<div class=\"elementor-element elementor-element-611125a e-flex e-con-boxed e-con e-parent\" data-id=\"611125a\" data-element_type=\"container\" data-e-type=\"container\">\n\t\t\t\t\t<div class=\"e-con-inner\">\n\t\t<div class=\"elementor-element elementor-element-3e58f0d e-con-full e-flex e-con e-child\" data-id=\"3e58f0d\" data-element_type=\"container\" data-e-type=\"container\" data-settings=\"{&quot;background_background&quot;:&quot;classic&quot;}\">\n\t\t\t\t<div class=\"elementor-element elementor-element-2b2c726 elementor-widget elementor-widget-heading\" data-id=\"2b2c726\" data-element_type=\"widget\" data-e-type=\"widget\" data-widget_type=\"heading.default\">\n\t\t\t\t<div class=\"elementor-widget-container\">\n\t\t\t\t\t<h2 class=\"elementor-heading-title elementor-size-default\">Trasfondo del programa<\/h2>\t\t\t\t<\/div>\n\t\t\t\t<\/div>\n\t\t\t\t<div class=\"elementor-element elementor-element-df32e82 elementor-widget elementor-widget-text-editor\" data-id=\"df32e82\" data-element_type=\"widget\" data-e-type=\"widget\" data-widget_type=\"text-editor.default\">\n\t\t\t\t<div class=\"elementor-widget-container\">\n\t\t\t\t\t\t\t\t\t<p><span data-contrast=\"none\">El Recinto de R\u00edo Piedras reconoce la importancia de fortalecer el desarrollo profesional continuo de su personal no docente y docente como un componente esencial para alcanzar la excelencia administrativa y acad\u00e9mica. En atenci\u00f3n a las demandas actuales de la instituci\u00f3n y del entorno universitario contempor\u00e1neo, surge la necesidad de establecer una nueva iniciativa para la capacitaci\u00f3n y desarrollo del personal.\u00a0<\/span><span data-ccp-props=\"{&quot;134233117&quot;:false,&quot;134233118&quot;:false,&quot;201341983&quot;:0,&quot;335551550&quot;:6,&quot;335551620&quot;:6,&quot;335559738&quot;:0,&quot;335559739&quot;:0,&quot;335559740&quot;:240}\">\u00a0<\/span><\/p><p><span data-contrast=\"none\">El Programa de Capacitaci\u00f3n y Desarrollo Profesional tiene como prop\u00f3sito empoderar al talento humano del Recinto mediante experiencias de aprendizaje innovadoras, pertinentes y alineadas con las necesidades identificadas. Como parte del proceso de diagn\u00f3stico, se llevaron a cabo grupos focales con supervisores y directores, a trav\u00e9s de los cuales se determinaron necesidades de formaci\u00f3n en tres \u00e1reas fundamentales: normativa, comportamiento y \u00e1reas t\u00e9cnicas. Estos hallazgos sirven como base para el dise\u00f1o curricular y la planificaci\u00f3n de talleres, cursos y actividades formativas.<\/span><span data-ccp-props=\"{&quot;134233117&quot;:false,&quot;134233118&quot;:false,&quot;201341983&quot;:0,&quot;335551550&quot;:6,&quot;335551620&quot;:6,&quot;335559738&quot;:0,&quot;335559739&quot;:0,&quot;335559740&quot;:240}\">\u00a0<\/span><\/p><p><span data-contrast=\"none\">El programa propone una estructura flexible, con modalidades presenciales, virtuales e h\u00edbridas que facilitan la participaci\u00f3n de toda la comunidad universitaria. Se contempla la colaboraci\u00f3n con expertos internos y externos, as\u00ed como la integraci\u00f3n de estrategias de evaluaci\u00f3n que permitan medir el impacto en el desempe\u00f1o laboral y en la calidad de los servicios institucionales.<\/span><span data-ccp-props=\"{&quot;134233117&quot;:false,&quot;134233118&quot;:false,&quot;201341983&quot;:0,&quot;335551550&quot;:6,&quot;335551620&quot;:6,&quot;335559738&quot;:0,&quot;335559739&quot;:0,&quot;335559740&quot;:240}\">\u00a0<\/span><\/p><p><span data-contrast=\"none\">La implantaci\u00f3n de este programa contribuir\u00e1 al fortalecimiento de las competencias del personal, promover\u00e1 una cultura de aprendizaje continuo y apoyar\u00e1 directamente los objetivos estrat\u00e9gicos del Recinto de R\u00edo Piedras.<\/span><span data-ccp-props=\"{&quot;134233117&quot;:false,&quot;134233118&quot;:false,&quot;201341983&quot;:0,&quot;335551550&quot;:6,&quot;335551620&quot;:6,&quot;335559738&quot;:0,&quot;335559739&quot;:0,&quot;335559740&quot;:240}\">\u00a0<\/span><\/p>\t\t\t\t\t\t\t\t<\/div>\n\t\t\t\t<\/div>\n\t\t\t\t<\/div>\n\t\t\t\t\t<\/div>\n\t\t\t\t<\/div>\n\t\t<div class=\"elementor-element elementor-element-9bebcc3 e-flex e-con-boxed e-con e-parent\" data-id=\"9bebcc3\" data-element_type=\"container\" data-e-type=\"container\">\n\t\t\t\t\t<div class=\"e-con-inner\">\n\t\t\t\t\t<\/div>\n\t\t\t\t<\/div>\n\t\t\t\t<\/div>\n\t\t","protected":false},"excerpt":{"rendered":"<p>Programa de Capacitaci\u00f3n y DesarrolloProfesional del Personal delRecinto de R\u00edo Piedras Inicio Adiestramientos Objetivos \u00c1reas principales Calendario de Actividades Hamburger Toggle Menu Trasfondo del programa El Recinto de R\u00edo Piedras [&hellip;]<\/p>\n","protected":false},"author":3,"featured_media":0,"parent":2587,"menu_order":0,"comment_status":"closed","ping_status":"closed","template":"page-templates\/pagebuilder.php","meta":{"_themeisle_gutenberg_block_has_review":false,"footnotes":""},"class_list":["post-3620","page","type-page","status-publish","hentry"],"rttpg_featured_image_url":null,"rttpg_author":{"display_name":false,"author_link":"https:\/\/decadm.uprrp.edu\/recursoshumanos\/author\/juan\/"},"rttpg_comment":0,"rttpg_category":null,"rttpg_excerpt":"Programa de Capacitaci\u00f3n y DesarrolloProfesional del Personal delRecinto de R\u00edo Piedras Inicio Adiestramientos Objetivos \u00c1reas principales Calendario de Actividades Hamburger Toggle Menu Trasfondo del programa El Recinto de R\u00edo Piedras [&hellip;]","_links":{"self":[{"href":"https:\/\/decadm.uprrp.edu\/recursoshumanos\/wp-json\/wp\/v2\/pages\/3620","targetHints":{"allow":["GET"]}}],"collection":[{"href":"https:\/\/decadm.uprrp.edu\/recursoshumanos\/wp-json\/wp\/v2\/pages"}],"about":[{"href":"https:\/\/decadm.uprrp.edu\/recursoshumanos\/wp-json\/wp\/v2\/types\/page"}],"author":[{"embeddable":true,"href":"https:\/\/decadm.uprrp.edu\/recursoshumanos\/wp-json\/wp\/v2\/users\/3"}],"replies":[{"embeddable":true,"href":"https:\/\/decadm.uprrp.edu\/recursoshumanos\/wp-json\/wp\/v2\/comments?post=3620"}],"version-history":[{"count":4,"href":"https:\/\/decadm.uprrp.edu\/recursoshumanos\/wp-json\/wp\/v2\/pages\/3620\/revisions"}],"predecessor-version":[{"id":3624,"href":"https:\/\/decadm.uprrp.edu\/recursoshumanos\/wp-json\/wp\/v2\/pages\/3620\/revisions\/3624"}],"up":[{"embeddable":true,"href":"https:\/\/decadm.uprrp.edu\/recursoshumanos\/wp-json\/wp\/v2\/pages\/2587"}],"wp:attachment":[{"href":"https:\/\/decadm.uprrp.edu\/recursoshumanos\/wp-json\/wp\/v2\/media?parent=3620"}],"curies":[{"name":"wp","href":"https:\/\/api.w.org\/{rel}","templated":true}]}}