{"id":3367,"date":"2026-02-20T12:16:46","date_gmt":"2026-02-20T16:16:46","guid":{"rendered":"https:\/\/decadm.uprrp.edu\/recursoshumanos\/?page_id=3367"},"modified":"2026-03-02T21:44:45","modified_gmt":"2026-03-03T01:44:45","slug":"calendario-de-actividades","status":"publish","type":"page","link":"https:\/\/decadm.uprrp.edu\/recursoshumanos\/adiestramientos\/calendario-de-actividades\/","title":{"rendered":"Calendario de Actividades"},"content":{"rendered":"\t\t<div data-elementor-type=\"wp-page\" data-elementor-id=\"3367\" class=\"elementor elementor-3367\">\n\t\t\t\t\t\t<section class=\"elementor-section elementor-top-section elementor-element elementor-element-1e32adb elementor-section-boxed elementor-section-height-default elementor-section-height-default\" data-id=\"1e32adb\" data-element_type=\"section\" data-e-type=\"section\" data-settings=\"{&quot;background_background&quot;:&quot;classic&quot;}\">\n\t\t\t\t\t\t<div class=\"elementor-container elementor-column-gap-default\">\n\t\t\t\t\t<div class=\"elementor-column elementor-col-100 elementor-top-column elementor-element elementor-element-e0821d0\" data-id=\"e0821d0\" data-element_type=\"column\" data-e-type=\"column\">\n\t\t\t<div class=\"elementor-widget-wrap elementor-element-populated\">\n\t\t\t\t\t\t<div class=\"elementor-element elementor-element-e583803 elementor-widget__width-initial elementor-hidden-mobile elementor-invisible elementor-widget elementor-widget-heading\" data-id=\"e583803\" data-element_type=\"widget\" data-e-type=\"widget\" data-settings=\"{&quot;_animation&quot;:&quot;zoomIn&quot;}\" data-widget_type=\"heading.default\">\n\t\t\t\t<div class=\"elementor-widget-container\">\n\t\t\t\t\t<h1 class=\"elementor-heading-title elementor-size-default\">CALENDARIO DE ACTIVIDADES \n<\/h1>\t\t\t\t<\/div>\n\t\t\t\t<\/div>\n\t\t\t\t\t<\/div>\n\t\t<\/div>\n\t\t\t\t\t<\/div>\n\t\t<\/section>\n\t\t<div class=\"elementor-element elementor-element-7632f15 e-con-full e-flex e-con e-parent\" data-id=\"7632f15\" data-element_type=\"container\" data-e-type=\"container\">\n\t\t\t\t<div class=\"elementor-element elementor-element-c3d2a5e elementor-widget__width-initial eael_simple_menu_hamburger_disable_selected_menu_no eael-simple-menu-hamburger-align-right eael-hamburger--tablet elementor-widget elementor-widget-eael-simple-menu\" data-id=\"c3d2a5e\" data-element_type=\"widget\" data-e-type=\"widget\" data-widget_type=\"eael-simple-menu.default\">\n\t\t\t\t<div class=\"elementor-widget-container\">\n\t\t\t\t\t<style>\n                        @media screen and (max-width: 1024px) {\n                            .eael-hamburger--tablet {\n                                .eael-simple-menu-horizontal,\n                                .eael-simple-menu-vertical {\n                                    display: none;\n                                }\n                            }\n                            .eael-hamburger--tablet {\n                                .eael-simple-menu-container .eael-simple-menu-toggle {\n                                    display: block;\n                                }\n                            }\n                        }\n                    <\/style>            <div data-hamburger-icon=\"&lt;svg aria-hidden=&quot;true&quot; class=&quot;e-font-icon-svg e-fas-bars&quot; viewBox=&quot;0 0 448 512&quot; xmlns=&quot;http:\/\/www.w3.org\/2000\/svg&quot;&gt;&lt;path d=&quot;M16 132h416c8.837 0 16-7.163 16-16V76c0-8.837-7.163-16-16-16H16C7.163 60 0 67.163 0 76v40c0 8.837 7.163 16 16 16zm0 160h416c8.837 0 16-7.163 16-16v-40c0-8.837-7.163-16-16-16H16c-8.837 0-16 7.163-16 16v40c0 8.837 7.163 16 16 16zm0 160h416c8.837 0 16-7.163 16-16v-40c0-8.837-7.163-16-16-16H16c-8.837 0-16 7.163-16 16v40c0 8.837 7.163 16 16 16z&quot;&gt;&lt;\/path&gt;&lt;\/svg&gt;\" data-indicator-icon=\"&lt;svg aria-hidden=&quot;true&quot; class=&quot;e-font-icon-svg e-fas-angle-down&quot; viewBox=&quot;0 0 320 512&quot; xmlns=&quot;http:\/\/www.w3.org\/2000\/svg&quot;&gt;&lt;path d=&quot;M143 352.3L7 216.3c-9.4-9.4-9.4-24.6 0-33.9l22.6-22.6c9.4-9.4 24.6-9.4 33.9 0l96.4 96.4 96.4-96.4c9.4-9.4 24.6-9.4 33.9 0l22.6 22.6c9.4 9.4 9.4 24.6 0 33.9l-136 136c-9.2 9.4-24.4 9.4-33.8 0z&quot;&gt;&lt;\/path&gt;&lt;\/svg&gt;\" data-dropdown-indicator-icon=\"&lt;svg class=&quot;e-font-icon-svg e-fas-angle-down&quot; viewBox=&quot;0 0 320 512&quot; xmlns=&quot;http:\/\/www.w3.org\/2000\/svg&quot;&gt;&lt;path d=&quot;M143 352.3L7 216.3c-9.4-9.4-9.4-24.6 0-33.9l22.6-22.6c9.4-9.4 24.6-9.4 33.9 0l96.4 96.4 96.4-96.4c9.4-9.4 24.6-9.4 33.9 0l22.6 22.6c9.4 9.4 9.4 24.6 0 33.9l-136 136c-9.2 9.4-24.4 9.4-33.8 0z&quot;&gt;&lt;\/path&gt;&lt;\/svg&gt;\" class=\"eael-simple-menu-container eael-simple-menu-align-left eael-simple-menu-dropdown-align-left preset-1\" data-hamburger-breakpoints=\"{&quot;mobile&quot;:&quot;M\\u00f3vil vertical (&gt; 767px)&quot;,&quot;tablet&quot;:&quot;Tableta vertical (&gt; 1024px)&quot;,&quot;desktop&quot;:&quot;Desktop (&gt; 2400px)&quot;,&quot;none&quot;:&quot;None&quot;}\" data-hamburger-device=\"tablet\">\n                <ul id=\"menu-adiestramientos\" class=\"eael-simple-menu eael-simple-menu-dropdown-animate-to-top eael-simple-menu-indicator eael-simple-menu-horizontal\"><li id=\"menu-item-3551\" class=\"menu-item menu-item-type-post_type menu-item-object-page menu-item-home menu-item-3551\"><a href=\"https:\/\/decadm.uprrp.edu\/recursoshumanos\/\">Inicio<\/a><\/li>\n<li id=\"menu-item-3552\" class=\"menu-item menu-item-type-post_type menu-item-object-page menu-item-3552\"><a href=\"https:\/\/decadm.uprrp.edu\/recursoshumanos\/adiestramientos\/\">Adiestramientos<\/a><\/li>\n<li id=\"menu-item-3555\" class=\"menu-item menu-item-type-post_type menu-item-object-page menu-item-3555\"><a href=\"https:\/\/decadm.uprrp.edu\/recursoshumanos\/adiestramientos\/objetivos\/\">Objetivos<\/a><\/li>\n<li id=\"menu-item-3629\" class=\"menu-item menu-item-type-post_type menu-item-object-page menu-item-3629\"><a href=\"https:\/\/decadm.uprrp.edu\/recursoshumanos\/adiestramientos\/trasfondo-del-programa\/\">Trasfondo del programa<\/a><\/li>\n<li id=\"menu-item-3553\" class=\"menu-item menu-item-type-post_type menu-item-object-page menu-item-3553\"><a href=\"https:\/\/decadm.uprrp.edu\/recursoshumanos\/adiestramientos\/areas-principales\/\">\u00c1reas principales<\/a><\/li>\n<li id=\"menu-item-3554\" class=\"menu-item menu-item-type-post_type menu-item-object-page menu-item-3554\"><a href=\"https:\/\/decadm.uprrp.edu\/recursoshumanos\/adiestramientos\/calendario-de-actividades\/\">Calendario de Actividades<\/a><\/li>\n<\/ul>                <button class=\"eael-simple-menu-toggle\">\n                    <span class=\"sr-only \">Hamburger Toggle Menu<\/span>\n                    <svg aria-hidden=\"true\" class=\"e-font-icon-svg e-fas-bars\" viewBox=\"0 0 448 512\" xmlns=\"http:\/\/www.w3.org\/2000\/svg\"><path d=\"M16 132h416c8.837 0 16-7.163 16-16V76c0-8.837-7.163-16-16-16H16C7.163 60 0 67.163 0 76v40c0 8.837 7.163 16 16 16zm0 160h416c8.837 0 16-7.163 16-16v-40c0-8.837-7.163-16-16-16H16c-8.837 0-16 7.163-16 16v40c0 8.837 7.163 16 16 16zm0 160h416c8.837 0 16-7.163 16-16v-40c0-8.837-7.163-16-16-16H16c-8.837 0-16 7.163-16 16v40c0 8.837 7.163 16 16 16z\"><\/path><\/svg>                <\/button>\n            <\/div>\n            \t\t\t\t<\/div>\n\t\t\t\t<\/div>\n\t\t\t\t<div class=\"elementor-element elementor-element-ed9b6fa elementor-widget elementor-widget-spacer\" data-id=\"ed9b6fa\" data-element_type=\"widget\" data-e-type=\"widget\" data-widget_type=\"spacer.default\">\n\t\t\t\t<div class=\"elementor-widget-container\">\n\t\t\t\t\t\t\t<div class=\"elementor-spacer\">\n\t\t\t<div class=\"elementor-spacer-inner\"><\/div>\n\t\t<\/div>\n\t\t\t\t\t\t<\/div>\n\t\t\t\t<\/div>\n\t\t\t\t<\/div>\n\t\t<div class=\"elementor-element elementor-element-1387bb9 e-flex e-con-boxed e-con e-parent\" data-id=\"1387bb9\" data-element_type=\"container\" data-e-type=\"container\">\n\t\t\t\t\t<div class=\"e-con-inner\">\n\t\t\t\t<div class=\"elementor-element elementor-element-4f07489 elementor-align-center elementor-widget elementor-widget-button\" data-id=\"4f07489\" data-element_type=\"widget\" data-e-type=\"widget\" data-widget_type=\"button.default\">\n\t\t\t\t<div class=\"elementor-widget-container\">\n\t\t\t\t\t\t\t\t\t<div class=\"elementor-button-wrapper\">\n\t\t\t\t\t<a class=\"elementor-button elementor-button-link elementor-size-sm\" href=\"#\">\n\t\t\t\t\t\t<span class=\"elementor-button-content-wrapper\">\n\t\t\t\t\t\t\t\t\t<span class=\"elementor-button-text\">Reg\u00edstrate aqu\u00ed<\/span>\n\t\t\t\t\t<\/span>\n\t\t\t\t\t<\/a>\n\t\t\t\t<\/div>\n\t\t\t\t\t\t\t\t<\/div>\n\t\t\t\t<\/div>\n\t\t\t\t<div class=\"elementor-element elementor-element-3d80d23 elementor-widget elementor-widget-spacer\" data-id=\"3d80d23\" data-element_type=\"widget\" data-e-type=\"widget\" data-widget_type=\"spacer.default\">\n\t\t\t\t<div class=\"elementor-widget-container\">\n\t\t\t\t\t\t\t<div class=\"elementor-spacer\">\n\t\t\t<div class=\"elementor-spacer-inner\"><\/div>\n\t\t<\/div>\n\t\t\t\t\t\t<\/div>\n\t\t\t\t<\/div>\n\t\t\t\t\t<\/div>\n\t\t\t\t<\/div>\n\t\t<div class=\"elementor-element elementor-element-980b257 e-flex e-con-boxed e-con e-parent\" data-id=\"980b257\" data-element_type=\"container\" data-e-type=\"container\">\n\t\t\t\t\t<div class=\"e-con-inner\">\n\t\t\t\t<div class=\"elementor-element elementor-element-f74e963 elementor-widget elementor-widget-eael-event-calendar\" data-id=\"f74e963\" data-element_type=\"widget\" data-e-type=\"widget\" data-widget_type=\"eael-event-calendar.default\">\n\t\t\t\t<div class=\"elementor-widget-container\">\n\t\t\t\t\t<div class=\"eael-event-calendar-wrapper layout-calendar\"><div id=\"eael-event-calendar-f74e963\" class=\"eael-event-calendar-cls\"\n            data-cal_id = \"f74e963\"\n            data-locale = \"es\"\n            data-translate = \"{&quot;today&quot;:&quot;Today&quot;,&quot;tomorrow&quot;:&quot;Tomorrow&quot;}\"\n            data-defaultview = \"dayGridMonth\"\n            data-defaultdate = \"2026-04-04\"\n            data-time_format = \"\"\n            data-event_limit = \"31\"\n            data-popup_date_format = \"MMM Do\"\n            data-multidays_event_day_count= \"0\"\n            data-monthColumnHeaderFormat = \"\"\n            data-weekColumnHeaderFormat = \"\"\n            data-hideDetailsLink= \"\"\n            data-detailsButtonText = \"Detalles del evento\"\n            data-location-display = \"\"\n            data-events=\"[{&quot;id&quot;:1,&quot;title&quot;:&quot;Adiestramiento MS Teams&quot;,&quot;description&quot;:&quot;Adiestramiento de la plataforma Microsoft Teams&quot;,&quot;start&quot;:&quot;2026-02-22 08:00&quot;,&quot;end&quot;:&quot;2026-02-22 17:00:01&quot;,&quot;borderColor&quot;:&quot;#E70003&quot;,&quot;textColor&quot;:&quot;#ffffff&quot;,&quot;color&quot;:&quot;#E70003&quot;,&quot;url&quot;:&quot;https:\\\/\\\/decadm.uprrp.edu\\\/recursoshumanos\\\/event\\\/adiestramiento-ms-teams\\\/&quot;,&quot;allDay&quot;:&quot;&quot;,&quot;external&quot;:&quot;on&quot;,&quot;nofollow&quot;:&quot;on&quot;,&quot;imageUrl&quot;:false},{&quot;id&quot;:2,&quot;title&quot;:&quot;Adiestramiento WordPress&quot;,&quot;description&quot;:&quot;Adiestramiento desarrollo de p\\u00e1ginas web con WordPress&quot;,&quot;start&quot;:&quot;2026-02-27 08:00&quot;,&quot;end&quot;:&quot;2026-02-27 11:30:01&quot;,&quot;borderColor&quot;:&quot;#E70003&quot;,&quot;textColor&quot;:&quot;#ffffff&quot;,&quot;color&quot;:&quot;#E70003&quot;,&quot;url&quot;:&quot;https:\\\/\\\/decadm.uprrp.edu\\\/recursoshumanos\\\/event\\\/adiestramiento-wordpress\\\/&quot;,&quot;allDay&quot;:&quot;&quot;,&quot;external&quot;:&quot;on&quot;,&quot;nofollow&quot;:&quot;on&quot;,&quot;imageUrl&quot;:false}]\"\n            data-thumbnail_position = \"\"\n            data-first_day=\"1\"><\/div><div id=\"eaelecModal\" class=\"eaelec-modal eael-zoom-in\">\n            <div class=\"eaelec-modal-content\">\n                <div class=\"eaelec-modal-header\">\n                    <div class=\"eaelec-modal-close\"><span><i class=\"fas fa-times\"><\/i><\/span><\/div>\n                    <h2 class=\"eael-ec-modal-title\"><\/h2>\n                    <span class=\"eaelec-event-date-start eaelec-event-popup-date\"><\/span>\n                    <span class=\"eaelec-event-date-end eaelec-event-popup-date\"><\/span>\n                    <span class=\"eaelec-event-location eaelec-event-popup-location\" style=\"display: none;\"><\/span>\n                <\/div>\n                <div class=\"eaelec-modal-body\">\n                    <p><\/p>\n                <\/div>\n                <div class=\"eaelec-modal-footer\">\n                    <a class=\"eaelec-event-details-link\">Detalles del evento<\/a>\n                <\/div>\n            <\/div>\n        <\/div><\/div>\t\t\t\t<\/div>\n\t\t\t\t<\/div>\n\t\t\t\t\t<\/div>\n\t\t\t\t<\/div>\n\t\t<div class=\"elementor-element elementor-element-7f6732e e-flex e-con-boxed e-con e-parent\" data-id=\"7f6732e\" data-element_type=\"container\" data-e-type=\"container\">\n\t\t\t\t\t<div class=\"e-con-inner\">\n\t\t\t\t<div class=\"elementor-element elementor-element-442b4fa elementor-widget-divider--view-line elementor-widget elementor-widget-divider\" data-id=\"442b4fa\" data-element_type=\"widget\" data-e-type=\"widget\" data-widget_type=\"divider.default\">\n\t\t\t\t<div class=\"elementor-widget-container\">\n\t\t\t\t\t\t\t<div class=\"elementor-divider\">\n\t\t\t<span class=\"elementor-divider-separator\">\n\t\t\t\t\t\t<\/span>\n\t\t<\/div>\n\t\t\t\t\t\t<\/div>\n\t\t\t\t<\/div>\n\t\t\t\t\t<\/div>\n\t\t\t\t<\/div>\n\t\t<div class=\"elementor-element elementor-element-9e4fcc5 e-flex e-con-boxed e-con e-parent\" data-id=\"9e4fcc5\" data-element_type=\"container\" data-e-type=\"container\">\n\t\t\t\t\t<div class=\"e-con-inner\">\n\t\t\t\t\t<\/div>\n\t\t\t\t<\/div>\n\t\t<div class=\"elementor-element elementor-element-3bfaf71 e-flex e-con-boxed e-con e-parent\" data-id=\"3bfaf71\" data-element_type=\"container\" data-e-type=\"container\">\n\t\t\t\t\t<div class=\"e-con-inner\">\n\t\t\t\t\t<\/div>\n\t\t\t\t<\/div>\n\t\t\t\t<\/div>\n\t\t","protected":false},"excerpt":{"rendered":"<p>CALENDARIO DE ACTIVIDADES Inicio Adiestramientos Objetivos \u00c1reas principales Calendario de Actividades Hamburger Toggle Menu Reg\u00edstrate aqu\u00ed Detalles del evento<\/p>\n","protected":false},"author":3,"featured_media":0,"parent":2587,"menu_order":0,"comment_status":"closed","ping_status":"closed","template":"page-templates\/pagebuilder.php","meta":{"_themeisle_gutenberg_block_has_review":false,"footnotes":""},"class_list":["post-3367","page","type-page","status-publish","hentry"],"rttpg_featured_image_url":null,"rttpg_author":{"display_name":false,"author_link":"https:\/\/decadm.uprrp.edu\/recursoshumanos\/author\/juan\/"},"rttpg_comment":0,"rttpg_category":null,"rttpg_excerpt":"CALENDARIO DE ACTIVIDADES Inicio Adiestramientos Objetivos \u00c1reas principales Calendario de Actividades Hamburger Toggle Menu Reg\u00edstrate aqu\u00ed Detalles del evento","_links":{"self":[{"href":"https:\/\/decadm.uprrp.edu\/recursoshumanos\/wp-json\/wp\/v2\/pages\/3367","targetHints":{"allow":["GET"]}}],"collection":[{"href":"https:\/\/decadm.uprrp.edu\/recursoshumanos\/wp-json\/wp\/v2\/pages"}],"about":[{"href":"https:\/\/decadm.uprrp.edu\/recursoshumanos\/wp-json\/wp\/v2\/types\/page"}],"author":[{"embeddable":true,"href":"https:\/\/decadm.uprrp.edu\/recursoshumanos\/wp-json\/wp\/v2\/users\/3"}],"replies":[{"embeddable":true,"href":"https:\/\/decadm.uprrp.edu\/recursoshumanos\/wp-json\/wp\/v2\/comments?post=3367"}],"version-history":[{"count":26,"href":"https:\/\/decadm.uprrp.edu\/recursoshumanos\/wp-json\/wp\/v2\/pages\/3367\/revisions"}],"predecessor-version":[{"id":3580,"href":"https:\/\/decadm.uprrp.edu\/recursoshumanos\/wp-json\/wp\/v2\/pages\/3367\/revisions\/3580"}],"up":[{"embeddable":true,"href":"https:\/\/decadm.uprrp.edu\/recursoshumanos\/wp-json\/wp\/v2\/pages\/2587"}],"wp:attachment":[{"href":"https:\/\/decadm.uprrp.edu\/recursoshumanos\/wp-json\/wp\/v2\/media?parent=3367"}],"curies":[{"name":"wp","href":"https:\/\/api.w.org\/{rel}","templated":true}]}}