{"id":1919,"date":"2024-02-14T16:03:03","date_gmt":"2024-02-14T20:03:03","guid":{"rendered":"https:\/\/decadmdev.uprrp.edu\/recursoshumanos\/?page_id=1919"},"modified":"2025-09-30T14:13:02","modified_gmt":"2025-09-30T18:13:02","slug":"politicas-institucionales","status":"publish","type":"page","link":"https:\/\/decadm.uprrp.edu\/recursoshumanos\/politicas-institucionales\/","title":{"rendered":"Pol\u00edticas Institucionales"},"content":{"rendered":"\t\t<div data-elementor-type=\"wp-page\" data-elementor-id=\"1919\" class=\"elementor elementor-1919\">\n\t\t\t\t\t\t<section class=\"elementor-section elementor-top-section elementor-element elementor-element-1e32adb elementor-section-boxed elementor-section-height-default elementor-section-height-default\" data-id=\"1e32adb\" data-element_type=\"section\" data-e-type=\"section\" data-settings=\"{&quot;background_background&quot;:&quot;classic&quot;}\">\n\t\t\t\t\t\t<div class=\"elementor-container elementor-column-gap-default\">\n\t\t\t\t\t<div class=\"elementor-column elementor-col-100 elementor-top-column elementor-element elementor-element-e0821d0\" data-id=\"e0821d0\" data-element_type=\"column\" data-e-type=\"column\">\n\t\t\t<div class=\"elementor-widget-wrap elementor-element-populated\">\n\t\t\t\t\t\t<div class=\"elementor-element elementor-element-e583803 elementor-widget__width-initial elementor-invisible elementor-widget elementor-widget-heading\" data-id=\"e583803\" data-element_type=\"widget\" data-e-type=\"widget\" data-settings=\"{&quot;_animation&quot;:&quot;zoomIn&quot;}\" data-widget_type=\"heading.default\">\n\t\t\t\t<div class=\"elementor-widget-container\">\n\t\t\t\t\t<h1 class=\"elementor-heading-title elementor-size-default\">POL\u00cdTICAS INSTITUCIONALES<\/h1>\t\t\t\t<\/div>\n\t\t\t\t<\/div>\n\t\t\t\t\t<\/div>\n\t\t<\/div>\n\t\t\t\t\t<\/div>\n\t\t<\/section>\n\t\t<div class=\"elementor-element elementor-element-ad0f4df e-con-full e-flex e-con e-parent\" data-id=\"ad0f4df\" data-element_type=\"container\" data-e-type=\"container\">\n\t\t\t\t<\/div>\n\t\t<div class=\"elementor-element elementor-element-2aa8a75 e-flex e-con-boxed e-con e-parent\" data-id=\"2aa8a75\" data-element_type=\"container\" data-e-type=\"container\">\n\t\t\t\t\t<div class=\"e-con-inner\">\n\t\t\t\t\t<\/div>\n\t\t\t\t<\/div>\n\t\t<div class=\"elementor-element elementor-element-80e7127 e-flex e-con-boxed e-con e-parent\" data-id=\"80e7127\" data-element_type=\"container\" data-e-type=\"container\">\n\t\t\t\t\t<div class=\"e-con-inner\">\n\t\t<div class=\"elementor-element elementor-element-dccd7b9 e-con-full e-flex e-con e-child\" data-id=\"dccd7b9\" data-element_type=\"container\" data-e-type=\"container\">\n\t\t\t\t<div class=\"elementor-element elementor-element-1bead51 elementor-widget elementor-widget-text-editor\" data-id=\"1bead51\" data-element_type=\"widget\" data-e-type=\"widget\" data-widget_type=\"text-editor.default\">\n\t\t\t\t<div class=\"elementor-widget-container\">\n\t\t\t\t\t\t\t\t\t<ul><li><a href=\"http:\/\/decadmdev.uprrp.edu\/recursoshumanos\/wp-content\/uploads\/sites\/2\/2024\/02\/derechos_pers_imp.pdf\">Carta de derechos de las personas con impedimentos<\/a><\/li><li><a href=\"http:\/\/decadmdev.uprrp.edu\/recursoshumanos\/wp-content\/uploads\/sites\/2\/2024\/02\/Certificacion_Recibo_Politicas_T003_rev_-mayo_2023.pdf\" target=\"_blank\" rel=\"noopener\">Certificaci\u00f3n de recibo de pol\u00edticas institucionales<\/a><\/li><li><a href=\"http:\/\/decadmdev.uprrp.edu\/recursoshumanos\/wp-content\/uploads\/sites\/2\/2024\/02\/Enmienda_a_la_Politica_sobre_Uso_Ilicito_de_Drogas_Sustancias_Controladas_y_Abuso_de_Alcohol-Ready-1.pdf\">Certificaci\u00f3n 33, 2005-2006 &#8211; Enmienda a la pol\u00edtica de la Universidad de Puerto Rico sobre el uso il\u00edcito de drogas, sustancias controladas y abuso de alcohol<\/a><\/li><li><a href=\"http:\/\/recursoshumanos.uprrp.edu\/wp-content\/uploads\/2017\/12\/Guia-y-procedimiento-casos-incapacidad-mental-empleados.pdf\" target=\"_blank\" rel=\"noopener\">Gu\u00eda y procedimiento a seguir en casos de incapacidad mental de empleados docentes y no docentes<\/a><\/li><li><a href=\"http:\/\/decadmdev.uprrp.edu\/recursoshumanos\/wp-content\/uploads\/sites\/2\/2024\/02\/Ley1-2012ysus-enmiendas.pdf\">Ley de \u00c9tica Gubernamental y sus enmiendas<\/a><\/li><li><a href=\"https:\/\/www.uprrp.edu\/oca\/wp-content\/uploads\/sites\/20\/2025\/07\/Plan-Accion-Afirmativa-2025-2030-UPRRP.pdf\" target=\"_blank\" rel=\"noopener\"><span data-olk-copy-source=\"MessageBody\">Plan de acci\u00f3n afirmativa 2025-2030 UPRRP<\/span><\/a><\/li><li><a href=\"https:\/\/decadm.uprrp.edu\/recursoshumanos\/wp-content\/uploads\/sites\/2\/2025\/09\/Politica_Contra_Discriminacion_UPR.pdf\">Pol\u00edtica contra la discriminaci\u00f3n en la Universidad de Puerto Rico<\/a><\/li><li><a href=\"https:\/\/decadm.uprrp.edu\/recursoshumanos\/wp-content\/uploads\/sites\/2\/2024\/02\/Cert32-1999-2000-Politica_Universidad_Sobre_Uso_de_Drogas_y_Alcohol.pdf\">Pol\u00edtica de la Universidad de Puerto Rico sobre el uso il\u00edcito de drogas, sustancias controladas y abuso de alcohol<\/a><\/li><li><a href=\"http:\/\/decadmdev.uprrp.edu\/recursoshumanos\/wp-content\/uploads\/sites\/2\/2024\/02\/plan-accion-afirmativa-2021-2025-UPR-RP.pdf\" target=\"_blank\" rel=\"noopener\">Pol\u00edtica institucional de acci\u00f3n afirmativa en el empleo de la mujer<\/a><\/li><li><a href=\"http:\/\/decadmdev.uprrp.edu\/recursoshumanos\/wp-content\/uploads\/sites\/2\/2024\/02\/Certificacion_35-2007-2008-Politica_Institucional_Uso_Aceptable_Recursos_Tecnologias_de_Informacion.pdf\" target=\"_blank\" rel=\"noopener\">Pol\u00edtica institucional sobre el uso aceptable de los recursos de la tecnolog\u00eda de la informaci\u00f3n en la Universidad de Puerto Rico<\/a><\/li><li><a href=\"http:\/\/decadmdev.uprrp.edu\/recursoshumanos\/wp-content\/uploads\/sites\/2\/2024\/02\/Circular_95-06_Enmiendas_procedimiento_querellas_hostigamiento_sexual_o_discrimen.pdf\" target=\"_blank\" rel=\"noopener\">Proceso enmendado para tomar acci\u00f3n informal o formal sobre querellas de hostigamiento sexual o discrimen por raz\u00f3n de sexo (200-309)<\/a><\/li><li><a href=\"http:\/\/decadmdev.uprrp.edu\/recursoshumanos\/wp-content\/uploads\/sites\/2\/2024\/02\/REGLAMENTO_ETICA_GUBERNAMENTAL.pdf\" target=\"_blank\" rel=\"noopener\">Reglamento de \u00c9tica Gubernamental<\/a><\/li><li><a href=\"http:\/\/decadmdev.uprrp.edu\/recursoshumanos\/wp-content\/uploads\/sites\/2\/2024\/02\/Cert_33-1999-2000-Reglamento_Universidad_Sobre_Uso_Drogas_y_Abuso_Alcohol.pdf\" target=\"_blank\" rel=\"noopener\">Reglamento de la Universidad de Puerto Rico sobre el uso il\u00edcito de drogas, sustancias controladas y abuso de alcohol<\/a><\/li><li><a href=\"http:\/\/decadmdev.uprrp.edu\/recursoshumanos\/wp-content\/uploads\/sites\/2\/2024\/02\/Reglamento-sobre-Asuntos-Programaticos-OEG-DepEstado-1.pdf\">Reglamento sobre asuntos program\u00e1ticos de la Oficina de \u00c9tica Gubernamental de Puerto Rico<\/a><\/li><li><a href=\"http:\/\/decadmdev.uprrp.edu\/recursoshumanos\/wp-content\/uploads\/sites\/2\/2024\/02\/Ley-51-1996-Servicios-Educativos-Integrales-Personas-con-Impedimentos.pdf\" target=\"_blank\" rel=\"noopener\">Reglamento para el cumplimiento de las responsabilidades de la UPR seg\u00fan la \u201cLey de Servicios Educativos Integrales para Personas con Impedimentos\u201d<\/a><\/li><\/ul>\t\t\t\t\t\t\t\t<\/div>\n\t\t\t\t<\/div>\n\t\t\t\t<\/div>\n\t\t<div class=\"elementor-element elementor-element-7dd1180 e-con-full e-flex e-con e-child\" data-id=\"7dd1180\" data-element_type=\"container\" data-e-type=\"container\">\n\t\t\t\t<div class=\"elementor-element elementor-element-34ad492 eael-simple-menu-hamburger-align-left e-transform eael-hamburger--tablet elementor-widget elementor-widget-eael-simple-menu\" data-id=\"34ad492\" data-element_type=\"widget\" data-e-type=\"widget\" data-settings=\"{&quot;_transform_scale_effect_hover&quot;:{&quot;unit&quot;:&quot;px&quot;,&quot;size&quot;:&quot;&quot;,&quot;sizes&quot;:[]},&quot;_transform_scale_effect_hover_tablet&quot;:{&quot;unit&quot;:&quot;px&quot;,&quot;size&quot;:&quot;&quot;,&quot;sizes&quot;:[]},&quot;_transform_scale_effect_hover_mobile&quot;:{&quot;unit&quot;:&quot;px&quot;,&quot;size&quot;:&quot;&quot;,&quot;sizes&quot;:[]}}\" data-widget_type=\"eael-simple-menu.default\">\n\t\t\t\t<div class=\"elementor-widget-container\">\n\t\t\t\t\t<style>\n                        @media screen and (max-width: 1024px) {\n                            .eael-hamburger--tablet {\n                                .eael-simple-menu-horizontal,\n                                .eael-simple-menu-vertical {\n                                    display: none;\n                                }\n                            }\n                            .eael-hamburger--tablet {\n                                .eael-simple-menu-container .eael-simple-menu-toggle {\n                                    display: block;\n                                }\n                            }\n                        }\n                        .eael-simple-menu-container.eael-simple-menu--loading > ul {\n                            display: -webkit-box !important;\n                            display: -ms-flexbox !important;\n                            display: flex !important;\n                            list-style: none !important;\n                        }\n                        .eael-simple-menu-container.eael-simple-menu--loading li ul {\n                            visibility: hidden !important;\n                            opacity: 0 !important;\n                        }\n                    <\/style>            <div data-hamburger-icon=\"&lt;svg aria-hidden=&quot;true&quot; class=&quot;e-font-icon-svg e-fas-bars&quot; viewBox=&quot;0 0 448 512&quot; xmlns=&quot;http:\/\/www.w3.org\/2000\/svg&quot;&gt;&lt;path d=&quot;M16 132h416c8.837 0 16-7.163 16-16V76c0-8.837-7.163-16-16-16H16C7.163 60 0 67.163 0 76v40c0 8.837 7.163 16 16 16zm0 160h416c8.837 0 16-7.163 16-16v-40c0-8.837-7.163-16-16-16H16c-8.837 0-16 7.163-16 16v40c0 8.837 7.163 16 16 16zm0 160h416c8.837 0 16-7.163 16-16v-40c0-8.837-7.163-16-16-16H16c-8.837 0-16 7.163-16 16v40c0 8.837 7.163 16 16 16z&quot;&gt;&lt;\/path&gt;&lt;\/svg&gt;\" data-indicator-icon=\"&lt;svg aria-hidden=&quot;true&quot; class=&quot;e-font-icon-svg e-fas-angle-down&quot; viewBox=&quot;0 0 320 512&quot; xmlns=&quot;http:\/\/www.w3.org\/2000\/svg&quot;&gt;&lt;path d=&quot;M143 352.3L7 216.3c-9.4-9.4-9.4-24.6 0-33.9l22.6-22.6c9.4-9.4 24.6-9.4 33.9 0l96.4 96.4 96.4-96.4c9.4-9.4 24.6-9.4 33.9 0l22.6 22.6c9.4 9.4 9.4 24.6 0 33.9l-136 136c-9.2 9.4-24.4 9.4-33.8 0z&quot;&gt;&lt;\/path&gt;&lt;\/svg&gt;\" data-dropdown-indicator-icon=\"&lt;svg class=&quot;e-font-icon-svg e-fas-angle-down&quot; viewBox=&quot;0 0 320 512&quot; xmlns=&quot;http:\/\/www.w3.org\/2000\/svg&quot;&gt;&lt;path d=&quot;M143 352.3L7 216.3c-9.4-9.4-9.4-24.6 0-33.9l22.6-22.6c9.4-9.4 24.6-9.4 33.9 0l96.4 96.4 96.4-96.4c9.4-9.4 24.6-9.4 33.9 0l22.6 22.6c9.4 9.4 9.4 24.6 0 33.9l-136 136c-9.2 9.4-24.4 9.4-33.8 0z&quot;&gt;&lt;\/path&gt;&lt;\/svg&gt;\" class=\"eael-simple-menu-container eael-simple-menu--loading eael-simple-menu-align-left eael-simple-menu-dropdown-align-left preset-1\" data-hamburger-breakpoints=\"{&quot;mobile&quot;:&quot;M\\u00f3vil vertical (&gt; 767px)&quot;,&quot;tablet&quot;:&quot;Tableta vertical (&gt; 1024px)&quot;,&quot;desktop&quot;:&quot;Desktop (&gt; 2400px)&quot;,&quot;none&quot;:&quot;None&quot;}\" data-hamburger-device=\"tablet\">\n                <ul id=\"menu-adiestramientos\" class=\"eael-simple-menu eael-simple-menu-dropdown-animate-to-top eael-simple-menu-indicator eael-simple-menu-vertical\"><li id=\"menu-item-3551\" class=\"menu-item menu-item-type-post_type menu-item-object-page menu-item-home menu-item-3551\"><a href=\"https:\/\/decadm.uprrp.edu\/recursoshumanos\/\">Inicio<\/a><\/li>\n<li id=\"menu-item-3552\" class=\"menu-item menu-item-type-post_type menu-item-object-page menu-item-3552\"><a href=\"https:\/\/decadm.uprrp.edu\/recursoshumanos\/adiestramientos\/\">Adiestramientos<\/a><\/li>\n<li id=\"menu-item-3555\" class=\"menu-item menu-item-type-post_type menu-item-object-page menu-item-3555\"><a href=\"https:\/\/decadm.uprrp.edu\/recursoshumanos\/adiestramientos\/objetivos\/\">Objetivos<\/a><\/li>\n<li id=\"menu-item-3629\" class=\"menu-item menu-item-type-post_type menu-item-object-page menu-item-3629\"><a href=\"https:\/\/decadm.uprrp.edu\/recursoshumanos\/adiestramientos\/trasfondo-del-programa\/\">Trasfondo del programa<\/a><\/li>\n<li id=\"menu-item-3553\" class=\"menu-item menu-item-type-post_type menu-item-object-page menu-item-3553\"><a href=\"https:\/\/decadm.uprrp.edu\/recursoshumanos\/adiestramientos\/areas-principales\/\">\u00c1reas principales<\/a><\/li>\n<li id=\"menu-item-3554\" class=\"menu-item menu-item-type-post_type menu-item-object-page menu-item-3554\"><a href=\"https:\/\/decadm.uprrp.edu\/recursoshumanos\/adiestramientos\/calendario-de-actividades\/\">Calendario de Actividades<\/a><\/li>\n<\/ul>                <button class=\"eael-simple-menu-toggle\">\n                    <span class=\"sr-only \">Hamburger Toggle Menu<\/span>\n                    <svg aria-hidden=\"true\" class=\"e-font-icon-svg e-fas-bars\" viewBox=\"0 0 448 512\" xmlns=\"http:\/\/www.w3.org\/2000\/svg\"><path d=\"M16 132h416c8.837 0 16-7.163 16-16V76c0-8.837-7.163-16-16-16H16C7.163 60 0 67.163 0 76v40c0 8.837 7.163 16 16 16zm0 160h416c8.837 0 16-7.163 16-16v-40c0-8.837-7.163-16-16-16H16c-8.837 0-16 7.163-16 16v40c0 8.837 7.163 16 16 16zm0 160h416c8.837 0 16-7.163 16-16v-40c0-8.837-7.163-16-16-16H16c-8.837 0-16 7.163-16 16v40c0 8.837 7.163 16 16 16z\"><\/path><\/svg>                <\/button>\n            <\/div>\n            \t\t\t\t<\/div>\n\t\t\t\t<\/div>\n\t\t\t\t<\/div>\n\t\t\t\t\t<\/div>\n\t\t\t\t<\/div>\n\t\t<div class=\"elementor-element elementor-element-b35e8b9 e-flex e-con-boxed e-con e-parent\" data-id=\"b35e8b9\" data-element_type=\"container\" data-e-type=\"container\">\n\t\t\t\t\t<div class=\"e-con-inner\">\n\t\t\t\t\t<\/div>\n\t\t\t\t<\/div>\n\t\t\t\t<\/div>\n\t\t","protected":false},"excerpt":{"rendered":"<p>POL\u00cdTICAS INSTITUCIONALES Carta de derechos de las personas con impedimentos Certificaci\u00f3n de recibo de pol\u00edticas institucionales Certificaci\u00f3n 33, 2005-2006 &#8211; Enmienda a la pol\u00edtica de la Universidad de Puerto Rico [&hellip;]<\/p>\n","protected":false},"author":3,"featured_media":0,"parent":0,"menu_order":0,"comment_status":"closed","ping_status":"open","template":"page-templates\/pagebuilder.php","meta":{"_themeisle_gutenberg_block_has_review":false,"footnotes":""},"class_list":["post-1919","page","type-page","status-publish","hentry"],"rttpg_featured_image_url":null,"rttpg_author":{"display_name":false,"author_link":"https:\/\/decadm.uprrp.edu\/recursoshumanos\/author\/juan\/"},"rttpg_comment":0,"rttpg_category":null,"rttpg_excerpt":"POL\u00cdTICAS INSTITUCIONALES Carta de derechos de las personas con impedimentos Certificaci\u00f3n de recibo de pol\u00edticas institucionales Certificaci\u00f3n 33, 2005-2006 &#8211; Enmienda a la pol\u00edtica de la Universidad de Puerto Rico [&hellip;]","_links":{"self":[{"href":"https:\/\/decadm.uprrp.edu\/recursoshumanos\/wp-json\/wp\/v2\/pages\/1919","targetHints":{"allow":["GET"]}}],"collection":[{"href":"https:\/\/decadm.uprrp.edu\/recursoshumanos\/wp-json\/wp\/v2\/pages"}],"about":[{"href":"https:\/\/decadm.uprrp.edu\/recursoshumanos\/wp-json\/wp\/v2\/types\/page"}],"author":[{"embeddable":true,"href":"https:\/\/decadm.uprrp.edu\/recursoshumanos\/wp-json\/wp\/v2\/users\/3"}],"replies":[{"embeddable":true,"href":"https:\/\/decadm.uprrp.edu\/recursoshumanos\/wp-json\/wp\/v2\/comments?post=1919"}],"version-history":[{"count":65,"href":"https:\/\/decadm.uprrp.edu\/recursoshumanos\/wp-json\/wp\/v2\/pages\/1919\/revisions"}],"predecessor-version":[{"id":3267,"href":"https:\/\/decadm.uprrp.edu\/recursoshumanos\/wp-json\/wp\/v2\/pages\/1919\/revisions\/3267"}],"wp:attachment":[{"href":"https:\/\/decadm.uprrp.edu\/recursoshumanos\/wp-json\/wp\/v2\/media?parent=1919"}],"curies":[{"name":"wp","href":"https:\/\/api.w.org\/{rel}","templated":true}]}}