{"id":66,"date":"2024-02-29T11:25:38","date_gmt":"2024-02-29T15:25:38","guid":{"rendered":"https:\/\/decadmdev.uprrp.edu\/pae\/?page_id=66"},"modified":"2024-03-01T09:44:28","modified_gmt":"2024-03-01T13:44:28","slug":"objetivos","status":"publish","type":"page","link":"https:\/\/decadm.uprrp.edu\/pae\/objetivos\/","title":{"rendered":"Objetivos"},"content":{"rendered":"\t\t<div data-elementor-type=\"wp-page\" data-elementor-id=\"66\" class=\"elementor elementor-66\">\n\t\t\t\t\t\t<section class=\"elementor-section elementor-top-section elementor-element elementor-element-d1fc077 elementor-section-stretched elementor-section-boxed elementor-section-height-default elementor-section-height-default\" data-id=\"d1fc077\" data-element_type=\"section\" data-e-type=\"section\" data-settings=\"{&quot;background_background&quot;:&quot;classic&quot;,&quot;stretch_section&quot;:&quot;section-stretched&quot;}\">\n\t\t\t\t\t\t<div class=\"elementor-container elementor-column-gap-default\">\n\t\t\t\t\t<div class=\"elementor-column elementor-col-100 elementor-top-column elementor-element elementor-element-a80cb84\" data-id=\"a80cb84\" data-element_type=\"column\" data-e-type=\"column\">\n\t\t\t<div class=\"elementor-widget-wrap elementor-element-populated\">\n\t\t\t\t\t\t<div class=\"elementor-element elementor-element-a3e431b elementor-widget__width-initial elementor-invisible elementor-widget elementor-widget-heading\" data-id=\"a3e431b\" data-element_type=\"widget\" data-e-type=\"widget\" data-settings=\"{&quot;_animation&quot;:&quot;zoomIn&quot;}\" data-widget_type=\"heading.default\">\n\t\t\t\t<div class=\"elementor-widget-container\">\n\t\t\t\t\t<h1 class=\"elementor-heading-title elementor-size-default\">OBJETIVOS\n<\/h1>\t\t\t\t<\/div>\n\t\t\t\t<\/div>\n\t\t\t\t\t<\/div>\n\t\t<\/div>\n\t\t\t\t\t<\/div>\n\t\t<\/section>\n\t\t<div class=\"elementor-element elementor-element-fa9948f e-flex e-con-boxed e-con e-parent\" data-id=\"fa9948f\" data-element_type=\"container\" data-e-type=\"container\">\n\t\t\t\t\t<div class=\"e-con-inner\">\n\t\t\t\t<div class=\"elementor-element elementor-element-583d248 elementor-widget elementor-widget-heading\" data-id=\"583d248\" data-element_type=\"widget\" data-e-type=\"widget\" data-widget_type=\"heading.default\">\n\t\t\t\t<div class=\"elementor-widget-container\">\n\t\t\t\t\t<h2 class=\"elementor-heading-title elementor-size-default\">PROGRAMA DE AYUDA AL EMPLEADO<\/h2>\t\t\t\t<\/div>\n\t\t\t\t<\/div>\n\t\t\t\t<div class=\"elementor-element elementor-element-603f9e21 elementor-widget elementor-widget-text-editor\" data-id=\"603f9e21\" data-element_type=\"widget\" data-e-type=\"widget\" data-widget_type=\"text-editor.default\">\n\t\t\t\t<div class=\"elementor-widget-container\">\n\t\t\t\t\t\t\t\t\t\n<ul>\n<li>Detectar en etapas tempranas aquellos problemas que afectan la ejecuci\u00f3n del empleado.<\/li>\n<li>Ofrecer alternativas de rehabilitaci\u00f3n en la soluci\u00f3n de los problemas de los empleados.<\/li>\n<li>Restaurar la Productividad de aquellos empleados cuyos problemas personales est\u00e1n afectando su funcionamiento en el trabajo.<\/li>\n<li>Promover un ambiente de trabajo sano llevando a cabo actividades de car\u00e1cter preventivo.<\/li>\n<\/ul>\n\t\t\t\t\t\t\t\t<\/div>\n\t\t\t\t<\/div>\n\t\t\t\t\t<\/div>\n\t\t\t\t<\/div>\n\t\t<div class=\"elementor-element elementor-element-3405555 e-flex e-con-boxed e-con e-parent\" data-id=\"3405555\" data-element_type=\"container\" data-e-type=\"container\">\n\t\t\t\t\t<div class=\"e-con-inner\">\n\t\t\t\t\t<\/div>\n\t\t\t\t<\/div>\n\t\t<div class=\"elementor-element elementor-element-e24b90d e-flex e-con-boxed e-con e-parent\" data-id=\"e24b90d\" data-element_type=\"container\" data-e-type=\"container\">\n\t\t\t\t\t<div class=\"e-con-inner\">\n\t\t\t\t\t<\/div>\n\t\t\t\t<\/div>\n\t\t\t\t<\/div>\n\t\t","protected":false},"excerpt":{"rendered":"<p>OBJETIVOS PROGRAMA DE AYUDA AL EMPLEADO Objetivos Detectar en etapas tempranas aquellos problemas que afectan la ejecuci\u00f3n del empleado. Ofrecer alternativas de rehabilitaci\u00f3n en la soluci\u00f3n de los problemas de [&hellip;]<\/p>\n","protected":false},"author":3,"featured_media":0,"parent":0,"menu_order":0,"comment_status":"closed","ping_status":"open","template":"elementor_header_footer","meta":{"_themeisle_gutenberg_block_has_review":false,"footnotes":""},"class_list":["post-66","page","type-page","status-publish","hentry"],"rttpg_featured_image_url":null,"rttpg_author":{"display_name":false,"author_link":"https:\/\/decadm.uprrp.edu\/pae\/author\/juan\/"},"rttpg_comment":0,"rttpg_category":null,"rttpg_excerpt":"OBJETIVOS PROGRAMA DE AYUDA AL EMPLEADO Objetivos Detectar en etapas tempranas aquellos problemas que afectan la ejecuci\u00f3n del empleado. Ofrecer alternativas de rehabilitaci\u00f3n en la soluci\u00f3n de los problemas de [&hellip;]","_links":{"self":[{"href":"https:\/\/decadm.uprrp.edu\/pae\/wp-json\/wp\/v2\/pages\/66","targetHints":{"allow":["GET"]}}],"collection":[{"href":"https:\/\/decadm.uprrp.edu\/pae\/wp-json\/wp\/v2\/pages"}],"about":[{"href":"https:\/\/decadm.uprrp.edu\/pae\/wp-json\/wp\/v2\/types\/page"}],"author":[{"embeddable":true,"href":"https:\/\/decadm.uprrp.edu\/pae\/wp-json\/wp\/v2\/users\/3"}],"replies":[{"embeddable":true,"href":"https:\/\/decadm.uprrp.edu\/pae\/wp-json\/wp\/v2\/comments?post=66"}],"version-history":[{"count":16,"href":"https:\/\/decadm.uprrp.edu\/pae\/wp-json\/wp\/v2\/pages\/66\/revisions"}],"predecessor-version":[{"id":98,"href":"https:\/\/decadm.uprrp.edu\/pae\/wp-json\/wp\/v2\/pages\/66\/revisions\/98"}],"wp:attachment":[{"href":"https:\/\/decadm.uprrp.edu\/pae\/wp-json\/wp\/v2\/media?parent=66"}],"curies":[{"name":"wp","href":"https:\/\/api.w.org\/{rel}","templated":true}]}}