{"id":142,"date":"2024-03-01T11:50:07","date_gmt":"2024-03-01T15:50:07","guid":{"rendered":"https:\/\/decadmdev.uprrp.edu\/pae\/?page_id=142"},"modified":"2024-03-04T11:18:01","modified_gmt":"2024-03-04T15:18:01","slug":"servicios-2","status":"publish","type":"page","link":"https:\/\/decadm.uprrp.edu\/pae\/servicios-2\/","title":{"rendered":"Servicios"},"content":{"rendered":"\t\t<div data-elementor-type=\"wp-page\" data-elementor-id=\"142\" class=\"elementor elementor-142\">\n\t\t\t\t\t\t<section class=\"elementor-section elementor-top-section elementor-element elementor-element-d1fc077 elementor-section-stretched elementor-section-boxed elementor-section-height-default elementor-section-height-default\" data-id=\"d1fc077\" data-element_type=\"section\" data-e-type=\"section\" data-settings=\"{&quot;background_background&quot;:&quot;classic&quot;,&quot;stretch_section&quot;:&quot;section-stretched&quot;}\">\n\t\t\t\t\t\t<div class=\"elementor-container elementor-column-gap-default\">\n\t\t\t\t\t<div class=\"elementor-column elementor-col-100 elementor-top-column elementor-element elementor-element-a80cb84\" data-id=\"a80cb84\" data-element_type=\"column\" data-e-type=\"column\">\n\t\t\t<div class=\"elementor-widget-wrap elementor-element-populated\">\n\t\t\t\t\t\t<div class=\"elementor-element elementor-element-a3e431b elementor-widget__width-initial elementor-invisible elementor-widget elementor-widget-heading\" data-id=\"a3e431b\" data-element_type=\"widget\" data-e-type=\"widget\" data-settings=\"{&quot;_animation&quot;:&quot;zoomIn&quot;}\" data-widget_type=\"heading.default\">\n\t\t\t\t<div class=\"elementor-widget-container\">\n\t\t\t\t\t<h1 class=\"elementor-heading-title elementor-size-default\">SERVICIOS\n<\/h1>\t\t\t\t<\/div>\n\t\t\t\t<\/div>\n\t\t\t\t\t<\/div>\n\t\t<\/div>\n\t\t\t\t\t<\/div>\n\t\t<\/section>\n\t\t<div class=\"elementor-element elementor-element-fa9948f e-flex e-con-boxed e-con e-parent\" data-id=\"fa9948f\" data-element_type=\"container\" data-e-type=\"container\">\n\t\t\t\t\t<div class=\"e-con-inner\">\n\t\t\t\t<div class=\"elementor-element elementor-element-583d248 elementor-widget elementor-widget-heading\" data-id=\"583d248\" data-element_type=\"widget\" data-e-type=\"widget\" data-widget_type=\"heading.default\">\n\t\t\t\t<div class=\"elementor-widget-container\">\n\t\t\t\t\t<h2 class=\"elementor-heading-title elementor-size-default\">PROGRAMA DE AYUDA AL EMPLEADO<\/h2>\t\t\t\t<\/div>\n\t\t\t\t<\/div>\n\t\t\t\t<div class=\"elementor-element elementor-element-603f9e21 elementor-widget elementor-widget-text-editor\" data-id=\"603f9e21\" data-element_type=\"widget\" data-e-type=\"widget\" data-widget_type=\"text-editor.default\">\n\t\t\t\t<div class=\"elementor-widget-container\">\n\t\t\t\t\t\t\t\t\t\n<ul>\n<li><strong>Servicios de Consejer\u00eda, Trabajo Social Cl\u00ednico y Psicoterapia.<\/strong><\/li>\n<\/ul>\n<ul>\n<li style=\"list-style-type: none;\">\n<ul>\n<li style=\"list-style-type: none;\">\n<ul>\n<li>Individual<\/li>\n<li>Pareja<\/li>\n<li>Familia<\/li>\n<\/ul>\n<\/li>\n<\/ul>\n<\/li>\n<\/ul>\n<ul>\n<li style=\"list-style-type: none;\">\n<ul>\n<li><strong>Grupos apoyo\/acompa\u00f1amiento y psicoeducativos.<br \/><br \/><\/strong><\/li>\n<li style=\"list-style-type: none;\">\n<ul>\n<li>Cuidadores informales de adultos mayores<\/li>\n<li>Duelo por fallecimiento de ser querido<\/li>\n<li>Relaciones de parejas sanas<\/li>\n<li>Preparaci\u00f3n para la jubilaci\u00f3n<\/li>\n<\/ul>\n<\/li>\n<\/ul>\n<\/li>\n<\/ul>\n<ul>\n<li style=\"list-style-type: none;\">\n<ul>\n<li><strong>Intervenci\u00f3n en crisis<\/strong><\/li>\n<\/ul>\n<\/li>\n<li style=\"list-style-type: none;\">\u00a0\n<ul>\n<li><strong>Coordinaci\u00f3n de servicios y referidos.<\/strong><\/li>\n<\/ul>\n<\/li>\n<li style=\"list-style-type: none;\">\u00a0\n<ul>\n<li><strong>Intervenci\u00f3n de apoyo emocional grupal en unidades de trabajo por p\u00e9rdidas, crisis o ajuste a cambios. <\/strong><\/li>\n<\/ul>\n<\/li>\n<li style=\"list-style-type: none;\">\u00a0\n<ul>\n<li><strong>Acompa\u00f1amiento en el proceso de radicaci\u00f3n de Ordenes Protecci\u00f3n bajo Ley 54.<\/strong><\/li>\n<\/ul>\n<\/li>\n<\/ul>\n\t\t\t\t\t\t\t\t<\/div>\n\t\t\t\t<\/div>\n\t\t\t\t\t<\/div>\n\t\t\t\t<\/div>\n\t\t<div class=\"elementor-element elementor-element-3405555 e-flex e-con-boxed e-con e-parent\" data-id=\"3405555\" data-element_type=\"container\" data-e-type=\"container\">\n\t\t\t\t\t<div class=\"e-con-inner\">\n\t\t\t\t<div class=\"elementor-element elementor-element-7533612 elementor-widget elementor-widget-text-editor\" data-id=\"7533612\" data-element_type=\"widget\" data-e-type=\"widget\" data-widget_type=\"text-editor.default\">\n\t\t\t\t<div class=\"elementor-widget-container\">\n\t\t\t\t\t\t\t\t\t\n<div>\n<ul>\n<li><strong>Academia para gerenciales: Liderazgo transformacional para fortalecer equipos de trabajo<\/strong><\/li>\n<\/ul>\n<\/div>\n<div>\n<ul>\n<li><strong>Din\u00e1micas grupales para fortalecer equipos de trabajo<\/strong><\/li>\n<\/ul>\n<\/div>\n<div>\n<ul>\n<li><strong>Las actividades psicoeducativas son din\u00e1micas, participativas y enfocadas en el fortalecimiento de destrezas de manejo adaptativas; promoviendo as\u00ed la capacidad de lidiar con diversos eventos estresantes y del diario vivir. Ejemplos de temas de algunas charlas psicoeducativas son: Manejo de Estr\u00e9s Laboral, Inteligencia Emocional y Comunicaci\u00f3n Asertiva, entre otras.<\/strong><\/li>\n<\/ul>\n<\/div>\n<div>\n<ul>\n<li><strong>Proyectos especiales para mejorar h\u00e1bitos nutricionales y promover la actividad f\u00edsica<\/strong><\/li>\n<\/ul>\n<\/div>\n\t\t\t\t\t\t\t\t<\/div>\n\t\t\t\t<\/div>\n\t\t\t\t\t<\/div>\n\t\t\t\t<\/div>\n\t\t<div class=\"elementor-element elementor-element-fc251ef e-flex e-con-boxed e-con e-parent\" data-id=\"fc251ef\" data-element_type=\"container\" data-e-type=\"container\">\n\t\t\t\t\t<div class=\"e-con-inner\">\n\t\t\t\t<div class=\"elementor-element elementor-element-90cd0ba elementor-widget elementor-widget-text-editor\" data-id=\"90cd0ba\" data-element_type=\"widget\" data-e-type=\"widget\" data-widget_type=\"text-editor.default\">\n\t\t\t\t<div class=\"elementor-widget-container\">\n\t\t\t\t\t\t\t\t\t\n<div>\n<ul>\n<li><strong>Apoyo a personal gerencial para el manejo efectivo y el desarrollo de estrategias para comprender y atender situaciones que afectan el funcionamiento de los equipos y promover ambientes de trabajo saludables.<\/strong><\/li>\n<\/ul>\n<p aria-hidden=\"true\">\u00a0<\/p>\n<\/div>\n\t\t\t\t\t\t\t\t<\/div>\n\t\t\t\t<\/div>\n\t\t\t\t\t<\/div>\n\t\t\t\t<\/div>\n\t\t<div class=\"elementor-element elementor-element-e24b90d e-flex e-con-boxed e-con e-parent\" data-id=\"e24b90d\" data-element_type=\"container\" data-e-type=\"container\">\n\t\t\t\t\t<div class=\"e-con-inner\">\n\t\t\t\t\t<\/div>\n\t\t\t\t<\/div>\n\t\t\t\t<\/div>\n\t\t","protected":false},"excerpt":{"rendered":"<p>SERVICIOS PROGRAMA DE AYUDA AL EMPLEADO Servicios de ayuda que recibe el empleado Servicios de Consejer\u00eda, Trabajo Social Cl\u00ednico y Psicoterapia. Individual Pareja Familia Grupos apoyo\/acompa\u00f1amiento y psicoeducativos. Cuidadores informales [&hellip;]<\/p>\n","protected":false},"author":3,"featured_media":0,"parent":0,"menu_order":0,"comment_status":"closed","ping_status":"open","template":"elementor_header_footer","meta":{"_themeisle_gutenberg_block_has_review":false,"footnotes":""},"class_list":["post-142","page","type-page","status-publish","hentry"],"rttpg_featured_image_url":null,"rttpg_author":{"display_name":false,"author_link":"https:\/\/decadm.uprrp.edu\/pae\/author\/juan\/"},"rttpg_comment":0,"rttpg_category":null,"rttpg_excerpt":"SERVICIOS PROGRAMA DE AYUDA AL EMPLEADO Servicios de ayuda que recibe el empleado Servicios de Consejer\u00eda, Trabajo Social Cl\u00ednico y Psicoterapia. Individual Pareja Familia Grupos apoyo\/acompa\u00f1amiento y psicoeducativos. Cuidadores informales [&hellip;]","_links":{"self":[{"href":"https:\/\/decadm.uprrp.edu\/pae\/wp-json\/wp\/v2\/pages\/142","targetHints":{"allow":["GET"]}}],"collection":[{"href":"https:\/\/decadm.uprrp.edu\/pae\/wp-json\/wp\/v2\/pages"}],"about":[{"href":"https:\/\/decadm.uprrp.edu\/pae\/wp-json\/wp\/v2\/types\/page"}],"author":[{"embeddable":true,"href":"https:\/\/decadm.uprrp.edu\/pae\/wp-json\/wp\/v2\/users\/3"}],"replies":[{"embeddable":true,"href":"https:\/\/decadm.uprrp.edu\/pae\/wp-json\/wp\/v2\/comments?post=142"}],"version-history":[{"count":52,"href":"https:\/\/decadm.uprrp.edu\/pae\/wp-json\/wp\/v2\/pages\/142\/revisions"}],"predecessor-version":[{"id":197,"href":"https:\/\/decadm.uprrp.edu\/pae\/wp-json\/wp\/v2\/pages\/142\/revisions\/197"}],"wp:attachment":[{"href":"https:\/\/decadm.uprrp.edu\/pae\/wp-json\/wp\/v2\/media?parent=142"}],"curies":[{"name":"wp","href":"https:\/\/api.w.org\/{rel}","templated":true}]}}