{"id":95,"date":"2024-04-26T14:24:50","date_gmt":"2024-04-26T18:24:50","guid":{"rendered":"https:\/\/decadmdev.uprrp.edu\/finanzas\/?page_id=95"},"modified":"2024-04-29T15:51:52","modified_gmt":"2024-04-29T19:51:52","slug":"mision-y-vision","status":"publish","type":"page","link":"https:\/\/decadm.uprrp.edu\/finanzas\/mision-y-vision\/","title":{"rendered":"Misi\u00f3n y Visi\u00f3n"},"content":{"rendered":"\t\t<div data-elementor-type=\"wp-page\" data-elementor-id=\"95\" class=\"elementor elementor-95\">\n\t\t\t\t<div class=\"elementor-element elementor-element-227947c e-flex e-con-boxed e-con e-parent\" data-id=\"227947c\" data-element_type=\"container\" data-e-type=\"container\" data-settings=\"{&quot;background_background&quot;:&quot;classic&quot;}\">\n\t\t\t\t\t<div class=\"e-con-inner\">\n\t\t<div class=\"elementor-element elementor-element-94f9581 e-con-full e-flex e-con e-child\" data-id=\"94f9581\" data-element_type=\"container\" data-e-type=\"container\">\n\t\t\t\t<div class=\"elementor-element elementor-element-46eb9be elementor-widget__width-initial elementor-invisible elementor-widget elementor-widget-heading\" data-id=\"46eb9be\" data-element_type=\"widget\" data-e-type=\"widget\" data-settings=\"{&quot;_animation&quot;:&quot;zoomIn&quot;}\" data-widget_type=\"heading.default\">\n\t\t\t\t<div class=\"elementor-widget-container\">\n\t\t\t\t\t<h1 class=\"elementor-heading-title elementor-size-default\">MISI\u00d3N Y VISI\u00d3N\n<\/h1>\t\t\t\t<\/div>\n\t\t\t\t<\/div>\n\t\t\t\t<\/div>\n\t\t\t\t\t<\/div>\n\t\t\t\t<\/div>\n\t\t<div class=\"elementor-element elementor-element-0c18727 e-flex e-con-boxed e-con e-parent\" data-id=\"0c18727\" data-element_type=\"container\" data-e-type=\"container\">\n\t\t\t\t\t<div class=\"e-con-inner\">\n\t\t\t\t<div class=\"elementor-element elementor-element-d8ec599 elementor-widget elementor-widget-text-editor\" data-id=\"d8ec599\" data-element_type=\"widget\" data-e-type=\"widget\" data-widget_type=\"text-editor.default\">\n\t\t\t\t<div class=\"elementor-widget-container\">\n\t\t\t\t\t\t\t\t\t<h3><span style=\"color: #ff0000;\">Misi\u00f3n<\/span><\/h3><p><span style=\"font-style: inherit; font-weight: inherit; color: var( --e-global-color-text ); font-family: var( --e-global-typography-text-font-family ), Sans-serif; text-align: var(--text-align); letter-spacing: 0.01em;\">Cumplir con los objetivos de planificar, proveer, evaluar y supervisar los servicios de apoyo administrativos requeridos para el desarrollo efectivo de las funciones de ense\u00f1anza e investigaci\u00f3n; as\u00ed como el bienestar de la comunidad universitaria en general.<\/span><\/p><h3><span style=\"color: #ff0000;\">Visi\u00f3n<\/span><\/h3><p>Aspiramos a ser un equipo de trabajo facilitador para adelantar la investigaci\u00f3n, la creaci\u00f3n y la divulgaci\u00f3n del conocimiento.<\/p>\t\t\t\t\t\t\t\t<\/div>\n\t\t\t\t<\/div>\n\t\t\t\t\t<\/div>\n\t\t\t\t<\/div>\n\t\t\t\t<\/div>\n\t\t","protected":false},"excerpt":{"rendered":"<p>MISI\u00d3N Y VISI\u00d3N Misi\u00f3n Cumplir con los objetivos de planificar, proveer, evaluar y supervisar los servicios de apoyo administrativos requeridos para el desarrollo efectivo de las funciones de ense\u00f1anza e [&hellip;]<\/p>\n","protected":false},"author":3,"featured_media":0,"parent":0,"menu_order":0,"comment_status":"closed","ping_status":"closed","template":"page-templates\/pagebuilder.php","meta":{"_themeisle_gutenberg_block_has_review":false,"footnotes":""},"class_list":["post-95","page","type-page","status-publish","hentry"],"rttpg_featured_image_url":null,"rttpg_author":{"display_name":false,"author_link":"https:\/\/decadm.uprrp.edu\/finanzas\/author\/juan\/"},"rttpg_comment":0,"rttpg_category":null,"rttpg_excerpt":"MISI\u00d3N Y VISI\u00d3N Misi\u00f3n Cumplir con los objetivos de planificar, proveer, evaluar y supervisar los servicios de apoyo administrativos requeridos para el desarrollo efectivo de las funciones de ense\u00f1anza e [&hellip;]","_links":{"self":[{"href":"https:\/\/decadm.uprrp.edu\/finanzas\/wp-json\/wp\/v2\/pages\/95","targetHints":{"allow":["GET"]}}],"collection":[{"href":"https:\/\/decadm.uprrp.edu\/finanzas\/wp-json\/wp\/v2\/pages"}],"about":[{"href":"https:\/\/decadm.uprrp.edu\/finanzas\/wp-json\/wp\/v2\/types\/page"}],"author":[{"embeddable":true,"href":"https:\/\/decadm.uprrp.edu\/finanzas\/wp-json\/wp\/v2\/users\/3"}],"replies":[{"embeddable":true,"href":"https:\/\/decadm.uprrp.edu\/finanzas\/wp-json\/wp\/v2\/comments?post=95"}],"version-history":[{"count":13,"href":"https:\/\/decadm.uprrp.edu\/finanzas\/wp-json\/wp\/v2\/pages\/95\/revisions"}],"predecessor-version":[{"id":112,"href":"https:\/\/decadm.uprrp.edu\/finanzas\/wp-json\/wp\/v2\/pages\/95\/revisions\/112"}],"wp:attachment":[{"href":"https:\/\/decadm.uprrp.edu\/finanzas\/wp-json\/wp\/v2\/media?parent=95"}],"curies":[{"name":"wp","href":"https:\/\/api.w.org\/{rel}","templated":true}]}}