{"id":558,"date":"2024-05-24T09:00:43","date_gmt":"2024-05-24T13:00:43","guid":{"rendered":"https:\/\/decadmdev.uprrp.edu\/finanzas\/?page_id=558"},"modified":"2024-05-24T09:01:15","modified_gmt":"2024-05-24T13:01:15","slug":"oficina-de-nominas","status":"publish","type":"page","link":"https:\/\/decadm.uprrp.edu\/finanzas\/oficina-de-nominas\/","title":{"rendered":"Oficina de N\u00f3minas"},"content":{"rendered":"\t\t<div data-elementor-type=\"wp-page\" data-elementor-id=\"558\" class=\"elementor elementor-558\">\n\t\t\t\t<div class=\"elementor-element elementor-element-7190a2e e-flex e-con-boxed e-con e-parent\" data-id=\"7190a2e\" data-element_type=\"container\" data-e-type=\"container\">\n\t\t\t\t\t<div class=\"e-con-inner\">\n\t\t\t\t<div class=\"elementor-element elementor-element-97ae0fb elementor-widget elementor-widget-text-editor\" data-id=\"97ae0fb\" data-element_type=\"widget\" data-e-type=\"widget\" data-widget_type=\"text-editor.default\">\n\t\t\t\t<div class=\"elementor-widget-container\">\n\t\t\t\t\t\t\t\t\t<p>Conforme al principio de autonom\u00eda administrativa contemplado en la Ley de la Universidad de Puerto Rico del 20 de enero de 1966, del Reglamento General de la UPR, la Certificaci\u00f3n N\u00fam. 123, 1999-2000, el Reglamento de Pagadores de la UPR, la Circular 06-12 del 23 de noviembre de 2005 y otras circulares y procedimientos, la preparaci\u00f3n, tr\u00e1mite, pago y control de las n\u00f3minas de sueldo y salarios, son funciones de tipo operacional que propiamente corresponde a cada unidad institucional.<\/p><p>Para cumplir con dicha encomienda, el Recinto de R\u00edo Piedras cuenta con una Oficina de N\u00f3minas que adem\u00e1s, tramita los pagos de la contribuci\u00f3n sobre ingreso retenida al Departamento de Hacienda, la aportaci\u00f3n individual y patronal del seguro social y medicare retenido al Servicio de Rentas Internas Federal y la aportaci\u00f3n individual y patronal del plan m\u00e9dico de Triple S a la Administraci\u00f3n Central. Esta unidad tambi\u00e9n trabaja con el tr\u00e1mite de los pagos a \u201cthird parties\u201d y las n\u00f3minas especiales para el pago del bono de navidad, bono no recurrente y del exceso de licencia de enfermedad al personal docente y no docente, entre otras funciones.<\/p><p><strong>Misi\u00f3n<\/strong><\/p><p>Transformar los procesos relacionados al tr\u00e1mite de la n\u00f3mina para el pago de salarios a empleados, incluyendo las aportaciones patronales y otros procesos que se realizan en la oficina, conforme a las leyes, reglamentos y normas aplicables.<\/p><p><strong>Visi\u00f3n<\/strong><\/p><p>Lograr completar los procesos con la mayor exactitud y eficiencia, conforme a los principios y normas aplicables relativas al tr\u00e1mite de las n\u00f3minas, maximizando los recursos tecnol\u00f3gicos para as\u00ed brindar a la comunidad universitaria un servicio \u00e1gil.<\/p>\t\t\t\t\t\t\t\t<\/div>\n\t\t\t\t<\/div>\n\t\t\t\t\t<\/div>\n\t\t\t\t<\/div>\n\t\t\t\t<\/div>\n\t\t","protected":false},"excerpt":{"rendered":"<p>Conforme al principio de autonom\u00eda administrativa contemplado en la Ley de la Universidad de Puerto Rico del 20 de enero de 1966, del Reglamento General de la UPR, la Certificaci\u00f3n [&hellip;]<\/p>\n","protected":false},"author":3,"featured_media":0,"parent":0,"menu_order":0,"comment_status":"closed","ping_status":"closed","template":"","meta":{"_themeisle_gutenberg_block_has_review":false,"footnotes":""},"class_list":["post-558","page","type-page","status-publish","hentry"],"rttpg_featured_image_url":null,"rttpg_author":{"display_name":false,"author_link":"https:\/\/decadm.uprrp.edu\/finanzas\/author\/juan\/"},"rttpg_comment":0,"rttpg_category":null,"rttpg_excerpt":"Conforme al principio de autonom\u00eda administrativa contemplado en la Ley de la Universidad de Puerto Rico del 20 de enero de 1966, del Reglamento General de la UPR, la Certificaci\u00f3n [&hellip;]","_links":{"self":[{"href":"https:\/\/decadm.uprrp.edu\/finanzas\/wp-json\/wp\/v2\/pages\/558","targetHints":{"allow":["GET"]}}],"collection":[{"href":"https:\/\/decadm.uprrp.edu\/finanzas\/wp-json\/wp\/v2\/pages"}],"about":[{"href":"https:\/\/decadm.uprrp.edu\/finanzas\/wp-json\/wp\/v2\/types\/page"}],"author":[{"embeddable":true,"href":"https:\/\/decadm.uprrp.edu\/finanzas\/wp-json\/wp\/v2\/users\/3"}],"replies":[{"embeddable":true,"href":"https:\/\/decadm.uprrp.edu\/finanzas\/wp-json\/wp\/v2\/comments?post=558"}],"version-history":[{"count":4,"href":"https:\/\/decadm.uprrp.edu\/finanzas\/wp-json\/wp\/v2\/pages\/558\/revisions"}],"predecessor-version":[{"id":562,"href":"https:\/\/decadm.uprrp.edu\/finanzas\/wp-json\/wp\/v2\/pages\/558\/revisions\/562"}],"wp:attachment":[{"href":"https:\/\/decadm.uprrp.edu\/finanzas\/wp-json\/wp\/v2\/media?parent=558"}],"curies":[{"name":"wp","href":"https:\/\/api.w.org\/{rel}","templated":true}]}}