{"id":551,"date":"2024-05-24T08:58:01","date_gmt":"2024-05-24T12:58:01","guid":{"rendered":"https:\/\/decadmdev.uprrp.edu\/finanzas\/?page_id=551"},"modified":"2024-05-24T08:59:06","modified_gmt":"2024-05-24T12:59:06","slug":"oficina-de-recaudaciones","status":"publish","type":"page","link":"https:\/\/decadm.uprrp.edu\/finanzas\/oficina-de-recaudaciones\/","title":{"rendered":"Oficina de Recaudaciones"},"content":{"rendered":"\t\t<div data-elementor-type=\"wp-page\" data-elementor-id=\"551\" class=\"elementor elementor-551\">\n\t\t\t\t<div class=\"elementor-element elementor-element-7190a2e e-flex e-con-boxed e-con e-parent\" data-id=\"7190a2e\" data-element_type=\"container\" data-e-type=\"container\">\n\t\t\t\t\t<div class=\"e-con-inner\">\n\t\t\t\t<div class=\"elementor-element elementor-element-97ae0fb elementor-widget elementor-widget-text-editor\" data-id=\"97ae0fb\" data-element_type=\"widget\" data-e-type=\"widget\" data-widget_type=\"text-editor.default\">\n\t\t\t\t<div class=\"elementor-widget-container\">\n\t\t\t\t\t\t\t\t\t<p>La Oficina de Recaudaciones es una unidad de servicio directo a la comunidad universitaria. Su funci\u00f3n principal es el cobro de los diferentes servicios que ofrece el Recinto; las matr\u00edculas, deudas relacionadas con \u00e9stas, cuentas por cobrar de diferentes oficinas y el ingreso de otros recursos recibidos en la instituci\u00f3n.<\/p><p>El origen de la Oficina de Recaudaciones se remonta hasta la organizaci\u00f3n de la UPR como organismo de educaci\u00f3n superior y a la otorgaci\u00f3n de la autonom\u00eda administrativa y acad\u00e9mica al Recinto de R\u00edo Piedras en el 1966.<\/p><p>Inicialmente las operaciones de cobro, dep\u00f3sito, control y contabilidad de las recaudaciones fueron definidas por el Consejo de Educaci\u00f3n Superior, mediante la Certificaci\u00f3n N\u00fam. 95 del 2 de junio de 1975. Posteriormente, la Junta de S\u00edndicos aprob\u00f3 la Certificaci\u00f3n N\u00fam. 52 en el 2005-2006 conocida como el nuevo Reglamento de Recaudaciones de la Universidad de Puerto Rico, derogando la certificaci\u00f3n anterior.<\/p><p>La Oficina de Recaudaciones tiene bajo su responsabilidad el recaudo de todos los valores por concepto de matr\u00edcula, transcripciones de cr\u00e9ditos, admisi\u00f3n y otros. Adem\u00e1s, es responsable por la transmisi\u00f3n del archivo de plan m\u00e9dico estudiantil y el pago a la compa\u00f1\u00eda aseguradora, la coordinaci\u00f3n de procesos de reembolso, la facturaci\u00f3n a proyectos y agencias auspiciadoras y la preparaci\u00f3n de certificaciones de costos de matr\u00edcula.<\/p><p>Tambi\u00e9n, esta oficina debe garantizar que todas las transacciones de recaudo est\u00e9n debidamente registradas en el Sistema de Informaci\u00f3n Estudiantil y los ingresos correctamente transferidos al Sistema de Informaci\u00f3n Financiera de la UPR.<\/p><p><strong>Misi\u00f3n<\/strong><\/p><p>Recaudar, depositar y contabilizar los valores recibidos a favor del Recinto de R\u00edo Piedras de la Universidad de Puerto Rico, conforme a la reglamentaci\u00f3n vigente aplicable.<\/p><p><strong>Visi\u00f3n<\/strong><\/p><p>Lograr el m\u00e1s eficiente proceso de recaudo, dep\u00f3sito y contabilidad de valores mediante la utilizaci\u00f3n de los recursos tecnol\u00f3gicos en el dise\u00f1o de \u00e1giles procesos de pago electr\u00f3nico y el desarrollo de diversas alternativas de pago que promuevan una operaci\u00f3n eficiente y servicios efectivos a la comunidad universitaria.<\/p>\t\t\t\t\t\t\t\t<\/div>\n\t\t\t\t<\/div>\n\t\t\t\t\t<\/div>\n\t\t\t\t<\/div>\n\t\t\t\t<\/div>\n\t\t","protected":false},"excerpt":{"rendered":"<p>La Oficina de Recaudaciones es una unidad de servicio directo a la comunidad universitaria. Su funci\u00f3n principal es el cobro de los diferentes servicios que ofrece el Recinto; las matr\u00edculas, [&hellip;]<\/p>\n","protected":false},"author":3,"featured_media":0,"parent":0,"menu_order":0,"comment_status":"closed","ping_status":"closed","template":"","meta":{"_themeisle_gutenberg_block_has_review":false,"footnotes":""},"class_list":["post-551","page","type-page","status-publish","hentry"],"rttpg_featured_image_url":null,"rttpg_author":{"display_name":false,"author_link":"https:\/\/decadm.uprrp.edu\/finanzas\/author\/juan\/"},"rttpg_comment":0,"rttpg_category":null,"rttpg_excerpt":"La Oficina de Recaudaciones es una unidad de servicio directo a la comunidad universitaria. Su funci\u00f3n principal es el cobro de los diferentes servicios que ofrece el Recinto; las matr\u00edculas, [&hellip;]","_links":{"self":[{"href":"https:\/\/decadm.uprrp.edu\/finanzas\/wp-json\/wp\/v2\/pages\/551","targetHints":{"allow":["GET"]}}],"collection":[{"href":"https:\/\/decadm.uprrp.edu\/finanzas\/wp-json\/wp\/v2\/pages"}],"about":[{"href":"https:\/\/decadm.uprrp.edu\/finanzas\/wp-json\/wp\/v2\/types\/page"}],"author":[{"embeddable":true,"href":"https:\/\/decadm.uprrp.edu\/finanzas\/wp-json\/wp\/v2\/users\/3"}],"replies":[{"embeddable":true,"href":"https:\/\/decadm.uprrp.edu\/finanzas\/wp-json\/wp\/v2\/comments?post=551"}],"version-history":[{"count":4,"href":"https:\/\/decadm.uprrp.edu\/finanzas\/wp-json\/wp\/v2\/pages\/551\/revisions"}],"predecessor-version":[{"id":555,"href":"https:\/\/decadm.uprrp.edu\/finanzas\/wp-json\/wp\/v2\/pages\/551\/revisions\/555"}],"wp:attachment":[{"href":"https:\/\/decadm.uprrp.edu\/finanzas\/wp-json\/wp\/v2\/media?parent=551"}],"curies":[{"name":"wp","href":"https:\/\/api.w.org\/{rel}","templated":true}]}}