{"id":537,"date":"2024-05-24T08:47:58","date_gmt":"2024-05-24T12:47:58","guid":{"rendered":"https:\/\/decadmdev.uprrp.edu\/finanzas\/?page_id=537"},"modified":"2024-05-24T08:50:23","modified_gmt":"2024-05-24T12:50:23","slug":"oficina-del-pagador","status":"publish","type":"page","link":"https:\/\/decadm.uprrp.edu\/finanzas\/oficina-del-pagador\/","title":{"rendered":"Oficina del Pagador"},"content":{"rendered":"\t\t<div data-elementor-type=\"wp-page\" data-elementor-id=\"537\" class=\"elementor elementor-537\">\n\t\t\t\t<div class=\"elementor-element elementor-element-7190a2e e-flex e-con-boxed e-con e-parent\" data-id=\"7190a2e\" data-element_type=\"container\" data-e-type=\"container\">\n\t\t\t\t\t<div class=\"e-con-inner\">\n\t\t\t\t<div class=\"elementor-element elementor-element-97ae0fb elementor-widget elementor-widget-text-editor\" data-id=\"97ae0fb\" data-element_type=\"widget\" data-e-type=\"widget\" data-widget_type=\"text-editor.default\">\n\t\t\t\t<div class=\"elementor-widget-container\">\n\t\t\t\t\t\t\t\t\t<p>La Oficina del Pagador tiene la responsabilidad de efectuar los desembolsos de todos los fondos universitarios del Recinto de R\u00edo Piedras. Es su deber realizar esta gesti\u00f3n manteniendo controles internos efectivos, cumpliendo con las condiciones estipuladas en su designaci\u00f3n y las normas establecidas por la instituci\u00f3n, agencias estatales y federales.<\/p><p>Para cumplir con sus deberes, el Oficial Pagador podr\u00e1 nombrar pagadores auxiliares, de acuerdo a la necesidad institucional.<\/p><p>Las funciones de esta unidad est\u00e1n regidas por la Certificaci\u00f3n N\u00fam. 123 (1999-2000) conocida como el Reglamento de Pagadores de la Universidad de Puerto Rico. Adem\u00e1s, le aplican las certificaciones, leyes estatales y federales, procedimientos y otras normas aprobadas por los organismos rectores del Recinto de R\u00edo Piedras y la Universidad de Puerto Rico.<\/p><p>Adem\u00e1s de su responsabilidad principal, esta unidad realiza las siguientes funciones, entre otras:<\/p><ul><li>procesar y validar los ciclos de cheques<\/li><li>firmar y enviar los cheques emitidos a los destinatarios<\/li><li>aprobar la transmisi\u00f3n electr\u00f3nica de pagos mediante dep\u00f3sito directo<\/li><li>tramitar las suspensiones de pago<\/li><li>preparar informes de cheques anulados<\/li><li>solicitar la autorizaci\u00f3n a la Administraci\u00f3n Central en los casos de cheques mayores de $100,000<br \/>preparar informes de remesa<\/li><li>llevar el control de los cheques de los pagadores auxiliares<\/li><li>preparar el inventario perpetuo de cheques<\/li><li>preparar y tramitar los documentos necesarios para la cancelaci\u00f3n de cheques<\/li><li>coordinar el fondo de cambio<\/li><li>cuadrar el fondo de caja menuda y preparar informe sobre balances pendientes<\/li><li>cuadrar el fondo de anticipo de viajes y preparar informe sobre balances pendientes<\/li><li>evaluar las solicitudes y preparar duplicados de cheques<\/li><li>evaluar y aprobar las solicitudes de pagadores auxiliares y de fondo de caja menuda<\/li><\/ul>\t\t\t\t\t\t\t\t<\/div>\n\t\t\t\t<\/div>\n\t\t\t\t\t<\/div>\n\t\t\t\t<\/div>\n\t\t\t\t<\/div>\n\t\t","protected":false},"excerpt":{"rendered":"<p>La Oficina del Pagador tiene la responsabilidad de efectuar los desembolsos de todos los fondos universitarios del Recinto de R\u00edo Piedras. Es su deber realizar esta gesti\u00f3n manteniendo controles internos [&hellip;]<\/p>\n","protected":false},"author":3,"featured_media":0,"parent":0,"menu_order":0,"comment_status":"closed","ping_status":"closed","template":"","meta":{"_themeisle_gutenberg_block_has_review":false,"footnotes":""},"class_list":["post-537","page","type-page","status-publish","hentry"],"rttpg_featured_image_url":null,"rttpg_author":{"display_name":false,"author_link":"https:\/\/decadm.uprrp.edu\/finanzas\/author\/juan\/"},"rttpg_comment":0,"rttpg_category":null,"rttpg_excerpt":"La Oficina del Pagador tiene la responsabilidad de efectuar los desembolsos de todos los fondos universitarios del Recinto de R\u00edo Piedras. Es su deber realizar esta gesti\u00f3n manteniendo controles internos [&hellip;]","_links":{"self":[{"href":"https:\/\/decadm.uprrp.edu\/finanzas\/wp-json\/wp\/v2\/pages\/537","targetHints":{"allow":["GET"]}}],"collection":[{"href":"https:\/\/decadm.uprrp.edu\/finanzas\/wp-json\/wp\/v2\/pages"}],"about":[{"href":"https:\/\/decadm.uprrp.edu\/finanzas\/wp-json\/wp\/v2\/types\/page"}],"author":[{"embeddable":true,"href":"https:\/\/decadm.uprrp.edu\/finanzas\/wp-json\/wp\/v2\/users\/3"}],"replies":[{"embeddable":true,"href":"https:\/\/decadm.uprrp.edu\/finanzas\/wp-json\/wp\/v2\/comments?post=537"}],"version-history":[{"count":4,"href":"https:\/\/decadm.uprrp.edu\/finanzas\/wp-json\/wp\/v2\/pages\/537\/revisions"}],"predecessor-version":[{"id":541,"href":"https:\/\/decadm.uprrp.edu\/finanzas\/wp-json\/wp\/v2\/pages\/537\/revisions\/541"}],"wp:attachment":[{"href":"https:\/\/decadm.uprrp.edu\/finanzas\/wp-json\/wp\/v2\/media?parent=537"}],"curies":[{"name":"wp","href":"https:\/\/api.w.org\/{rel}","templated":true}]}}