{"id":520,"date":"2024-05-23T16:00:34","date_gmt":"2024-05-23T20:00:34","guid":{"rendered":"https:\/\/decadmdev.uprrp.edu\/finanzas\/?page_id=520"},"modified":"2024-05-23T16:02:50","modified_gmt":"2024-05-23T20:02:50","slug":"oficina-de-contabilidad","status":"publish","type":"page","link":"https:\/\/decadm.uprrp.edu\/finanzas\/oficina-de-contabilidad\/","title":{"rendered":"Oficina de Contabilidad"},"content":{"rendered":"\t\t<div data-elementor-type=\"wp-page\" data-elementor-id=\"520\" class=\"elementor elementor-520\">\n\t\t\t\t<div class=\"elementor-element elementor-element-7190a2e e-flex e-con-boxed e-con e-parent\" data-id=\"7190a2e\" data-element_type=\"container\" data-e-type=\"container\">\n\t\t\t\t\t<div class=\"e-con-inner\">\n\t\t\t\t<div class=\"elementor-element elementor-element-97ae0fb elementor-widget elementor-widget-text-editor\" data-id=\"97ae0fb\" data-element_type=\"widget\" data-e-type=\"widget\" data-widget_type=\"text-editor.default\">\n\t\t\t\t<div class=\"elementor-widget-container\">\n\t\t\t\t\t\t\t\t\t<p>La Oficina de Contabilidad est\u00e1 adscrita al Departamento de Finanzas del Decanato de Administraci\u00f3n del Recinto de R\u00edo Piedras de la Universidad de Puerto Rico. Esta oficina tiene como funci\u00f3n principal mantener actualizado el sistema de contabilidad, de manera que presente todas las transacciones y el movimiento de las asignaciones, aportaciones, compromisos, desembolsos y saldos disponibles para cada cuenta asignada al Recinto.<\/p><p>El funcionamiento de la Oficina de Contabilidad est\u00e1 regido principalmente por el Reglamento General de Finanzas y Contabilidad, Certificaci\u00f3n N\u00fam. 107, 1984-85 del Consejo de Educaci\u00f3n Superior. Sin embargo, le aplican tambi\u00e9n las disposiciones de la Ley de la Universidad de Puerto Rico, los procedimientos, normas y circulares emitidas por los organismos rectores o funcionarios responsables del Recinto de R\u00edo Piedras y la Universidad de Puerto Rico.<\/p><p>Otras funciones que realiza la Oficina de Contabilidad son las siguientes: verificar los procesos de interface en el Sistema de Informaci\u00f3n Financiera de la UPR (UFIS) y los informes de contabilizaci\u00f3n de transacciones, el registro y correcci\u00f3n de transacciones, la conciliaci\u00f3n de cuentas bancarias y del Mayor General. Adem\u00e1s, preparar los informes trimestrales y anuales requeridos por la Administraci\u00f3n Central y proveer la informaci\u00f3n y documentos solicitados por los auditores externos, internos, federales y de la Oficina del Contralor. Tambi\u00e9n, verifica, concilia y prepara los informes de activos y propiedad, prepara y registra la depreciaci\u00f3n, la provisi\u00f3n para las cuentas por cobrar y la acumulaci\u00f3n de las licencias de enfermedad y ordinaria.<\/p><p><strong>Misi\u00f3n<\/strong><\/p><p>Mantener un sistema de contabilidad que provea informaci\u00f3n financiera actualizada, correcta y confiable que presente todos los dineros, propiedades y otros recursos fiscales asignados al Recinto.<\/p>\t\t\t\t\t\t\t\t<\/div>\n\t\t\t\t<\/div>\n\t\t\t\t\t<\/div>\n\t\t\t\t<\/div>\n\t\t\t\t<\/div>\n\t\t","protected":false},"excerpt":{"rendered":"<p>La Oficina de Contabilidad est\u00e1 adscrita al Departamento de Finanzas del Decanato de Administraci\u00f3n del Recinto de R\u00edo Piedras de la Universidad de Puerto Rico. Esta oficina tiene como funci\u00f3n [&hellip;]<\/p>\n","protected":false},"author":3,"featured_media":0,"parent":0,"menu_order":0,"comment_status":"closed","ping_status":"closed","template":"","meta":{"_themeisle_gutenberg_block_has_review":false,"footnotes":""},"class_list":["post-520","page","type-page","status-publish","hentry"],"rttpg_featured_image_url":null,"rttpg_author":{"display_name":false,"author_link":"https:\/\/decadm.uprrp.edu\/finanzas\/author\/juan\/"},"rttpg_comment":0,"rttpg_category":null,"rttpg_excerpt":"La Oficina de Contabilidad est\u00e1 adscrita al Departamento de Finanzas del Decanato de Administraci\u00f3n del Recinto de R\u00edo Piedras de la Universidad de Puerto Rico. Esta oficina tiene como funci\u00f3n [&hellip;]","_links":{"self":[{"href":"https:\/\/decadm.uprrp.edu\/finanzas\/wp-json\/wp\/v2\/pages\/520","targetHints":{"allow":["GET"]}}],"collection":[{"href":"https:\/\/decadm.uprrp.edu\/finanzas\/wp-json\/wp\/v2\/pages"}],"about":[{"href":"https:\/\/decadm.uprrp.edu\/finanzas\/wp-json\/wp\/v2\/types\/page"}],"author":[{"embeddable":true,"href":"https:\/\/decadm.uprrp.edu\/finanzas\/wp-json\/wp\/v2\/users\/3"}],"replies":[{"embeddable":true,"href":"https:\/\/decadm.uprrp.edu\/finanzas\/wp-json\/wp\/v2\/comments?post=520"}],"version-history":[{"count":4,"href":"https:\/\/decadm.uprrp.edu\/finanzas\/wp-json\/wp\/v2\/pages\/520\/revisions"}],"predecessor-version":[{"id":525,"href":"https:\/\/decadm.uprrp.edu\/finanzas\/wp-json\/wp\/v2\/pages\/520\/revisions\/525"}],"wp:attachment":[{"href":"https:\/\/decadm.uprrp.edu\/finanzas\/wp-json\/wp\/v2\/media?parent=520"}],"curies":[{"name":"wp","href":"https:\/\/api.w.org\/{rel}","templated":true}]}}