{"id":120,"date":"2024-04-30T15:50:45","date_gmt":"2024-04-30T19:50:45","guid":{"rendered":"https:\/\/decadmdev.uprrp.edu\/finanzas\/?page_id=120"},"modified":"2025-05-13T22:38:13","modified_gmt":"2025-05-14T02:38:13","slug":"directorio","status":"publish","type":"page","link":"https:\/\/decadm.uprrp.edu\/finanzas\/directorio\/","title":{"rendered":"Directorio"},"content":{"rendered":"\t\t<div data-elementor-type=\"wp-page\" data-elementor-id=\"120\" class=\"elementor elementor-120\">\n\t\t\t\t<div class=\"elementor-element elementor-element-78473d7 e-flex e-con-boxed e-con e-parent\" data-id=\"78473d7\" data-element_type=\"container\" data-e-type=\"container\">\n\t\t\t\t\t<div class=\"e-con-inner\">\n\t\t\t\t<div class=\"elementor-element elementor-element-f21d544 elementor-widget elementor-widget-heading\" data-id=\"f21d544\" data-element_type=\"widget\" data-e-type=\"widget\" data-widget_type=\"heading.default\">\n\t\t\t\t<div class=\"elementor-widget-container\">\n\t\t\t\t\t<h2 class=\"elementor-heading-title elementor-size-default\">Directorio de la Oficina de Finanzas<\/h2>\t\t\t\t<\/div>\n\t\t\t\t<\/div>\n\t\t\t\t<div class=\"elementor-element elementor-element-e8bb551 elementor-widget elementor-widget-eael-advanced-data-table\" data-id=\"e8bb551\" data-element_type=\"widget\" data-e-type=\"widget\" data-widget_type=\"eael-advanced-data-table.default\">\n\t\t\t\t<div class=\"elementor-widget-container\">\n\t\t\t\t\t<div class=\"ea-advanced-data-table-wrap\" data-id=\"e8bb551\"><div class=\"ea-advanced-data-table-search-wrap ea-advanced-data-table-search-right\"><input type=\"search\" placeholder=\"B\u00fasqueda\" class=\"ea-advanced-data-table-search\"><\/div><div class=\"ea-advanced-data-table-wrap-inner\">\n                <table class=\"ea-advanced-data-table ea-advanced-data-table-static ea-advanced-data-table-e8bb551 ea-advanced-data-table-sortable ea-advanced-data-table-paginated ea-advanced-data-table-searchable\" data-id=\"e8bb551\" data-items-per-page=\"50\"><thead><tr><th><p>Nombre<\/p><\/th><th><p>Puesto<\/p><\/th><th><p>Oficina<\/p><\/th><th><p>Extensi\u00f3n<\/p><\/th><th><p>Correo electr\u00f3nico<\/p><\/th><\/tr><\/thead><tbody><tr><td><p>Laura E. S\u00e1nchez Rodr\u00edguez<\/p><\/td><td><p>Directora Interina<\/p><\/td><td><p>Oficina del Director<\/p><\/td><td><p>84398\/84399<\/p><\/td><td><p>laura.sanchez@upr.edu<\/p><\/td><\/tr><tr><td><p>Danaida Gonz\u00e1lez Torres<\/p><\/td><td><p>Oficial Administrativo I (Seguros y Fianzas)<\/p><\/td><td><p>Oficina del Director<\/p><\/td><td><p>84370<\/p><\/td><td><p>danaida.gonzalez1@upr.edu<\/p><\/td><\/tr><tr><td><p>Sonia L\u00f3pez Rivera<\/p><\/td><td><p> Asistente Administrativo III<\/p><\/td><td><p>Oficina del Director<\/p><\/td><td><p>84376<\/p><\/td><td><p>sonia.lopez2@upr.edu<\/p><\/td><\/tr><tr><td><p>Saimara Guti\u00e9rrez Garc\u00eda<\/p><\/td><td><p>Contador III<\/p><\/td><td><p>Oficina del Director<\/p><\/td><td><p>84364<\/p><\/td><td><p>saimara.gutierrez@upr.edu<\/p><\/td><\/tr><tr><td><p>Amneris M. Cardona Rivera<\/p><\/td><td><p>Contador II<\/p><\/td><td><p>Oficina del Director<\/p><\/td><td><p>84101<\/p><\/td><td><p>amneris.cardona1@upr.edu<\/p><\/td><\/tr><tr><td><p>Myriam A. Cruz-Col\u00f3n<\/p><\/td><td><p>Contador I (Donativos y Contratos)<\/p><\/td><td><p>Oficina del Director<\/p><\/td><td><p>84368<\/p><\/td><td><p>myriam.cruz3@upr.edu<\/p><\/td><\/tr><tr><td><p>Raymond Figueroa R\u00edos<\/p><\/td><td><p> Supervisor\/Contador IV<\/p><\/td><td><p>Oficina Fiscal de Asistencia Econ\u00f3mica<\/p><\/td><td><p>84319<\/p><\/td><td><p> raymond.figueroa1@upr.edu<\/p><\/td><\/tr><tr><td><p>Elly Samuel Toledo<\/p><\/td><td><p> Contador II<\/p><\/td><td><p>Oficina Fiscal de Asistencia Econ\u00f3mica<\/p><\/td><td><p>84321<\/p><\/td><td><p> elly.toledo1@upr.edu<\/p><\/td><\/tr><tr><td><p>Jos\u00e9 Reyes Beltr\u00e1n<\/p><\/td><td><p> Contador II<\/p><\/td><td><p>Oficina Fiscal de Asistencia Econ\u00f3mica<\/p><\/td><td><p>84320<\/p><\/td><td><p> jose.reyes28@upr.edu<\/p><\/td><\/tr><tr><td><p> Sandra J. Pimentel Bougal<\/p><\/td><td><p> Contador II<\/p><\/td><td><p>Oficina de Contabilidad<\/p><\/td><td><p>84108<\/p><\/td><td><p> sandra.pimentel@upr.edu<\/p><\/td><\/tr><tr><td><p> Sonia Garc\u00eda de Le\u00f3n<\/p><\/td><td><p> Auxiliar en Contabilidad IV<\/p><\/td><td><p>Oficina de Contabilidad<\/p><\/td><td><p>84103<\/p><\/td><td><p>sonia.garcia5@upr.edu<\/p><\/td><\/tr><tr><td><p>Krisia Mel\u00e9ndez Encarnaci\u00f3n<\/p><\/td><td><p> Contador IV<\/p><\/td><td><p>Oficina de Contabilidad<\/p><\/td><td><p>84112<\/p><\/td><td><p> krisia.melendez@upr.edu<\/p><\/td><\/tr><tr><td><p>Arnaldo Maldonado Cruz<\/p><\/td><td><p>Auxiliar en Contabilidad IV<\/p><\/td><td><p>Oficina de Contabilidad<\/p><\/td><td><p>84106<\/p><\/td><td><p> arnaldo.maldonado2@upr.edu<\/p><\/td><\/tr><tr><td><p>Mariely Torres Oca\u00f1a<\/p><\/td><td><p> Contador II<\/p><\/td><td><p>Oficina de Contabilidad<\/p><\/td><td><p>84353<\/p><\/td><td><p>mariely.torres2@upr.edu<\/p><\/td><\/tr><tr><td><p>Miriam Rodr\u00edguez Rivera<\/p><\/td><td><p>Oficial Pagador II<\/p><\/td><td><p>Oficina del Pagador<\/p><\/td><td><p>84215<\/p><\/td><td><p>miriam.rodriguez3@upr.edu<\/p><\/td><\/tr><tr><td><p> Lucy Burgos Cort\u00e9s<\/p><\/td><td><p> Auxiliar en Contabilidad II<\/p><\/td><td><p>Oficina del Pagador<\/p><\/td><td><p>84213<\/p><\/td><td><p> lucy.burgos@upr.edu<\/p><\/td><\/tr><tr><td><p>Diana Pi\u00f1ango del Valle<\/p><\/td><td><p> Directora<\/p><\/td><td><p>Oficina de N\u00f3minas<\/p><\/td><td><p>84281<\/p><\/td><td><p>diana.pinango@upr.edu<\/p><\/td><\/tr><tr><td><p>Brendaly S\u00e1nchez Rom\u00e1n<\/p><\/td><td><p> Oficial de N\u00f3minas III<\/p><\/td><td><p>Oficina de N\u00f3minas<\/p><\/td><td><p>84253<\/p><\/td><td><p>brendaly.sanchez2@upr.edu<\/p><\/td><\/tr><tr><td><p>Aurea L. Nieves V\u00e9lez<\/p><\/td><td><p>Oficial de N\u00f3minas I<\/p><\/td><td><p>Oficina de N\u00f3minas<\/p><\/td><td><p>84244<\/p><\/td><td><p>aurea.nieves@upr.edu<\/p><\/td><\/tr><tr><td><p>Sabrina Rivera Laboy<\/p><\/td><td><p>Auxiliar en Contabilidad I<\/p><\/td><td><p>Oficina de N\u00f3minas<\/p><\/td><td><p>84252<\/p><\/td><td><p>sabrina.rivera2@upr.edu<\/p><\/td><\/tr><tr><td><p>Elly Samuel Toledo<\/p><\/td><td><p>Coordinador<\/p><\/td><td><p>Oficina de Cobros y Reclamaciones<\/p><\/td><td><p>84139<\/p><\/td><td><p>elly.toledo1@upr.edu<\/p><\/td><\/tr><tr><td><p>Yahaira Ram\u00edrez Silva<\/p><\/td><td><p>Directora Interina<\/p><\/td><td><p>Oficina de Compras<\/p><\/td><td><p>84680<\/p><\/td><td><p>yahaira.ramirez@upr.edu<\/p><\/td><\/tr><tr><td><p>Harris Pacheco Gonz\u00e1lez<\/p><\/td><td><p>Supervisor\/Agente Comprador<\/p><\/td><td><p>Oficina de Compras<\/p><\/td><td><p>84679<\/p><\/td><td><p> harris.pacheco@upr.edu<\/p><\/td><\/tr><tr><td><p>Aglae De Jes\u00fas P\u00e9rez<\/p><\/td><td><p>Secretaria de la Junta de Subasta<\/p><\/td><td><p>Oficina de Compras<\/p><\/td><td><p>84693<\/p><\/td><td><p>agale.dejesus1@upr.edu<\/p><\/td><\/tr><tr><td><p>Dayanara Cruz Bonilla<\/p><\/td><td><p>Asistente Administrativo IV<\/p><\/td><td><p>Oficina de Compras<\/p><\/td><td><p>84667<\/p><\/td><td><p>dayanara.cruz@upr.edu<\/p><\/td><\/tr><tr><td><p>Yaniris Ruiz Pacheco<\/p><\/td><td><p>Asistente Administrativo III<\/p><\/td><td><p>Oficina de Compras<\/p><\/td><td><p>84669<\/p><\/td><td><p> yaniris.ruiz@upr.edu<\/p><\/td><\/tr><tr><td><p>Adri\u00e1n L\u00f3pez Ponce<\/p><\/td><td><p>Agente Comprador<\/p><\/td><td><p>Oficina de Compras<\/p><\/td><td><p>84676<\/p><\/td><td><p>adrian.lopez2@upr.edu<\/p><\/td><\/tr><tr><td><p>Sonia E. Deniz V\u00e9lez<\/p><\/td><td><p>Agente Comprador<\/p><\/td><td><p>Oficina de Compras<\/p><\/td><td><p>84681<\/p><\/td><td><p>sonia.deniz@upr.edu<\/p><\/td><\/tr><tr><td><p>Ana Qui\u00f1ones Laporte<\/p><\/td><td><p>Auxiliar de Compras III<\/p><\/td><td><p>Oficina de Compras<\/p><\/td><td><p>84671<\/p><\/td><td><p> ana.quinones2@upr.edu<\/p><\/td><\/tr><tr><td><p>Sandra A. Reyes D\u00edaz<\/p><\/td><td><p>Directora<\/p><\/td><td><p>Oficina de Recaudaciones<\/p><\/td><td><p>84291<\/p><\/td><td><p>sandra.reyes2@upr.edu<\/p><\/td><\/tr><tr><td><p>Soraya Prieto Bonilla<\/p><\/td><td><p>Directora Auxiliar<\/p><\/td><td><p>Oficina de Recaudaciones<\/p><\/td><td><p>84317<\/p><\/td><td><p>soraya.prieto@upr.edu<\/p><\/td><\/tr><tr><td><p>Carmen L. Ramos Bosque<\/p><\/td><td><p>Asistente Administrativo III<\/p><\/td><td><p>Oficina de Recaudaciones<\/p><\/td><td><p>84286<\/p><\/td><td><p>carmen.ramos29@upr.edu<\/p><\/td><\/tr><tr><td><p>Jos\u00e9 S\u00e1ez Herrera<\/p><\/td><td><p>Contador II<\/p><\/td><td><p>Oficina de Recaudaciones<\/p><\/td><td><p>84287<\/p><\/td><td><p>jose.saez1@upr.edu<\/p><\/td><\/tr><tr><td><p>Lyannette Rivera Delgado<\/p><\/td><td><p>Recaudador Oficial<\/p><\/td><td><p>Oficina de Recaudaciones<\/p><\/td><td><p>84283<\/p><\/td><td><p>lyannette.rivera1@upr.edu<\/p><\/td><\/tr><tr><td><p>Lilliam M\u00e9ndez Pag\u00e1n<\/p><\/td><td><p> Supervisora<\/p><\/td><td><p>Oficina de Preintervenci\u00f3n<\/p><\/td><td><p>84210<\/p><\/td><td><p>lilliam.mendez@upr.edu<\/p><\/td><\/tr><tr><td><p>Nayda Arias Rosa<\/p><\/td><td><p> Asistente Administrativo IV<\/p><\/td><td><p>Oficina de Preintervenci\u00f3n<\/p><\/td><td><p>84171<\/p><\/td><td><p>nayda.arias1@upr.edu<\/p><\/td><\/tr><tr><td><p>Krizzia D\u00edaz Mart\u00ednez<\/p><\/td><td><p> Contador II<\/p><\/td><td><p>Oficina de Preintervenci\u00f3n<\/p><\/td><td><p>84173<\/p><\/td><td><p>krizzia.diaz@upr.edu<\/p><\/td><\/tr><tr><td><p>Rafael Colom P\u00e9rez<\/p><\/td><td><p>Auxiliar en Contabilidad III<\/p><\/td><td><p>Oficina de Preintervenci\u00f3n<\/p><\/td><td><p>84170<\/p><\/td><td><p>rafael.colom1@upr.edu<\/p><\/td><\/tr><tr><td><p>Ruth M. Rosa Correa<\/p><\/td><td><p>Auxiliar en Contabilidad I<\/p><\/td><td><p>Oficina de Preintervenci\u00f3n<\/p><\/td><td><p>84111<\/p><\/td><td><p>ruth.rosa@upr.edu<\/p><\/td><\/tr><\/tbody><\/table>\n            <\/div><div class=\"ea-advanced-data-table-pagination ea-advanced-data-table-pagination-button clearfix\"><\/div><\/div>\t\t\t\t<\/div>\n\t\t\t\t<\/div>\n\t\t\t\t\t<\/div>\n\t\t\t\t<\/div>\n\t\t\t\t<\/div>\n\t\t","protected":false},"excerpt":{"rendered":"<p>Directorio de la Oficina de Finanzas Nombre Puesto Oficina Extensi\u00f3n Correo electr\u00f3nico Laura E. S\u00e1nchez Rodr\u00edguez Directora Interina Oficina del Director 84398\/84399 laura.sanchez@upr.edu Danaida Gonz\u00e1lez Torres Oficial Administrativo I (Seguros [&hellip;]<\/p>\n","protected":false},"author":3,"featured_media":0,"parent":0,"menu_order":0,"comment_status":"closed","ping_status":"closed","template":"elementor_header_footer","meta":{"_themeisle_gutenberg_block_has_review":false,"footnotes":""},"class_list":["post-120","page","type-page","status-publish","hentry"],"rttpg_featured_image_url":null,"rttpg_author":{"display_name":false,"author_link":"https:\/\/decadm.uprrp.edu\/finanzas\/author\/juan\/"},"rttpg_comment":0,"rttpg_category":null,"rttpg_excerpt":"Directorio de la Oficina de Finanzas Nombre Puesto Oficina Extensi\u00f3n Correo electr\u00f3nico Laura E. S\u00e1nchez Rodr\u00edguez Directora Interina Oficina del Director 84398\/84399 laura.sanchez@upr.edu Danaida Gonz\u00e1lez Torres Oficial Administrativo I (Seguros [&hellip;]","_links":{"self":[{"href":"https:\/\/decadm.uprrp.edu\/finanzas\/wp-json\/wp\/v2\/pages\/120","targetHints":{"allow":["GET"]}}],"collection":[{"href":"https:\/\/decadm.uprrp.edu\/finanzas\/wp-json\/wp\/v2\/pages"}],"about":[{"href":"https:\/\/decadm.uprrp.edu\/finanzas\/wp-json\/wp\/v2\/types\/page"}],"author":[{"embeddable":true,"href":"https:\/\/decadm.uprrp.edu\/finanzas\/wp-json\/wp\/v2\/users\/3"}],"replies":[{"embeddable":true,"href":"https:\/\/decadm.uprrp.edu\/finanzas\/wp-json\/wp\/v2\/comments?post=120"}],"version-history":[{"count":124,"href":"https:\/\/decadm.uprrp.edu\/finanzas\/wp-json\/wp\/v2\/pages\/120\/revisions"}],"predecessor-version":[{"id":1121,"href":"https:\/\/decadm.uprrp.edu\/finanzas\/wp-json\/wp\/v2\/pages\/120\/revisions\/1121"}],"wp:attachment":[{"href":"https:\/\/decadm.uprrp.edu\/finanzas\/wp-json\/wp\/v2\/media?parent=120"}],"curies":[{"name":"wp","href":"https:\/\/api.w.org\/{rel}","templated":true}]}}