{"id":1888,"date":"2024-01-31T16:01:32","date_gmt":"2024-01-31T20:01:32","guid":{"rendered":"https:\/\/decadmdev.uprrp.edu\/etica\/?page_id=1888"},"modified":"2024-06-03T11:42:09","modified_gmt":"2024-06-03T15:42:09","slug":"funciones-y-deberes","status":"publish","type":"page","link":"https:\/\/decadm.uprrp.edu\/etica\/funciones-y-deberes\/","title":{"rendered":"Funciones y Deberes del Comit\u00e9"},"content":{"rendered":"\t\t<div data-elementor-type=\"wp-page\" data-elementor-id=\"1888\" class=\"elementor elementor-1888\">\n\t\t\t\t<div class=\"elementor-element elementor-element-8f4e96d e-con-full e-flex e-con e-parent\" data-id=\"8f4e96d\" data-element_type=\"container\" data-e-type=\"container\">\n\t\t\t\t<div class=\"elementor-element elementor-element-1eabac0 elementor-widget elementor-widget-image\" data-id=\"1eabac0\" data-element_type=\"widget\" data-e-type=\"widget\" data-widget_type=\"image.default\">\n\t\t\t\t<div class=\"elementor-widget-container\">\n\t\t\t\t\t\t\t\t\t\t\t\t\t\t\t<img fetchpriority=\"high\" decoding=\"async\" width=\"801\" height=\"226\" src=\"https:\/\/decadm.uprrp.edu\/etica\/wp-content\/uploads\/sites\/3\/2024\/01\/cropped-cropped-Torre_UPRRP_Aerea-1.png\" class=\"attachment-large size-large wp-image-16\" alt=\"Imagen a\u00e9rea Torre UPRRP\" srcset=\"https:\/\/decadm.uprrp.edu\/etica\/wp-content\/uploads\/sites\/3\/2024\/01\/cropped-cropped-Torre_UPRRP_Aerea-1.png 801w, https:\/\/decadm.uprrp.edu\/etica\/wp-content\/uploads\/sites\/3\/2024\/01\/cropped-cropped-Torre_UPRRP_Aerea-1-300x85.png 300w, https:\/\/decadm.uprrp.edu\/etica\/wp-content\/uploads\/sites\/3\/2024\/01\/cropped-cropped-Torre_UPRRP_Aerea-1-768x217.png 768w\" sizes=\"(max-width: 801px) 100vw, 801px\" \/>\t\t\t\t\t\t\t\t\t\t\t\t\t\t\t<\/div>\n\t\t\t\t<\/div>\n\t\t\t\t<\/div>\n\t\t\t\t<section class=\"elementor-section elementor-top-section elementor-element elementor-element-c99c2e4 elementor-section-boxed elementor-section-height-default elementor-section-height-default\" data-id=\"c99c2e4\" data-element_type=\"section\" data-e-type=\"section\">\n\t\t\t\t\t\t<div class=\"elementor-container elementor-column-gap-default\">\n\t\t\t\t\t<div class=\"elementor-column elementor-col-100 elementor-top-column elementor-element elementor-element-eecea5a\" data-id=\"eecea5a\" data-element_type=\"column\" data-e-type=\"column\" data-settings=\"{&quot;background_background&quot;:&quot;classic&quot;}\">\n\t\t\t<div class=\"elementor-widget-wrap elementor-element-populated\">\n\t\t\t\t\t\t<section class=\"elementor-section elementor-inner-section elementor-element elementor-element-43cb923 elementor-section-boxed elementor-section-height-default elementor-section-height-default\" data-id=\"43cb923\" data-element_type=\"section\" data-e-type=\"section\">\n\t\t\t\t\t\t<div class=\"elementor-container elementor-column-gap-default\">\n\t\t\t\t\t<div class=\"elementor-column elementor-col-50 elementor-inner-column elementor-element elementor-element-1a0ce3d\" data-id=\"1a0ce3d\" data-element_type=\"column\" data-e-type=\"column\">\n\t\t\t<div class=\"elementor-widget-wrap elementor-element-populated\">\n\t\t\t\t\t\t<div class=\"elementor-element elementor-element-16c7529 elementor-widget elementor-widget-heading\" data-id=\"16c7529\" data-element_type=\"widget\" data-e-type=\"widget\" data-widget_type=\"heading.default\">\n\t\t\t\t<div class=\"elementor-widget-container\">\n\t\t\t\t\t<h2 class=\"elementor-heading-title elementor-size-default\">Funciones y Deberes del Comit\u00e9<\/h2>\t\t\t\t<\/div>\n\t\t\t\t<\/div>\n\t\t\t\t\t<\/div>\n\t\t<\/div>\n\t\t\t\t<div class=\"elementor-column elementor-col-50 elementor-inner-column elementor-element elementor-element-5f1740a\" data-id=\"5f1740a\" data-element_type=\"column\" data-e-type=\"column\">\n\t\t\t<div class=\"elementor-widget-wrap elementor-element-populated\">\n\t\t\t\t\t\t<div class=\"elementor-element elementor-element-c7731db elementor-widget elementor-widget-text-editor\" data-id=\"c7731db\" data-element_type=\"widget\" data-e-type=\"widget\" data-widget_type=\"text-editor.default\">\n\t\t\t\t<div class=\"elementor-widget-container\">\n\t\t\t\t\t\t\t\t\t<ol><li>Mantener informado a la (el) Rectora(or), sobre los trabajos del Comit\u00e9.<\/li><li>Verificar que se d\u00e9 seguimiento y que se cumpla con las medidas correctivas establecidas para los se\u00f1alamientos hechos en los informes de auditor\u00edas internas y externas realizadas en el Recinto de Rio Piedras.<\/li><li>Verificar que se establezcan y que se cumplan los controles administrativos en el Recinto de Rio Piedras que impidan y desalienten a los empleados a incurrir en violaciones a esta Ley de \u00c9tica, a sus reglamentos y a cualquier otra ley dirigida a atacar la corrupci\u00f3n en el servicio p\u00fablico.<\/li><li>Coordinar sus acciones de conformidad con las normas que establezca por la OEG.<\/li><li>Conservar y actualizar los expedientes del trabajo realizado por cada a\u00f1o fiscal y tenerlos disponibles para la revisi\u00f3n del personal que designe la OEG.<\/li><li>Realizar cualquier otra funci\u00f3n que a juicio de la Direcci\u00f3n Ejecutiva de OEG sea necesaria para lograr el objetivo de prevenir la corrupci\u00f3n gubernamental.<\/li><\/ol>\t\t\t\t\t\t\t\t<\/div>\n\t\t\t\t<\/div>\n\t\t\t\t\t<\/div>\n\t\t<\/div>\n\t\t\t\t\t<\/div>\n\t\t<\/section>\n\t\t\t\t\t<\/div>\n\t\t<\/div>\n\t\t\t\t\t<\/div>\n\t\t<\/section>\n\t\t\t\t<\/div>\n\t\t","protected":false},"excerpt":{"rendered":"<p>Funciones y Deberes del Comit\u00e9 Mantener informado a la (el) Rectora(or), sobre los trabajos del Comit\u00e9. Verificar que se d\u00e9 seguimiento y que se cumpla con las medidas correctivas establecidas [&hellip;]<\/p>\n","protected":false},"author":3,"featured_media":0,"parent":0,"menu_order":0,"comment_status":"closed","ping_status":"closed","template":"page-templates\/pagebuilder.php","meta":{"_themeisle_gutenberg_block_has_review":false,"footnotes":""},"class_list":["post-1888","page","type-page","status-publish","hentry"],"rttpg_featured_image_url":null,"rttpg_author":{"display_name":false,"author_link":"https:\/\/decadm.uprrp.edu\/etica\/author\/juan\/"},"rttpg_comment":0,"rttpg_category":null,"rttpg_excerpt":"Funciones y Deberes del Comit\u00e9 Mantener informado a la (el) Rectora(or), sobre los trabajos del Comit\u00e9. Verificar que se d\u00e9 seguimiento y que se cumpla con las medidas correctivas establecidas [&hellip;]","_links":{"self":[{"href":"https:\/\/decadm.uprrp.edu\/etica\/wp-json\/wp\/v2\/pages\/1888","targetHints":{"allow":["GET"]}}],"collection":[{"href":"https:\/\/decadm.uprrp.edu\/etica\/wp-json\/wp\/v2\/pages"}],"about":[{"href":"https:\/\/decadm.uprrp.edu\/etica\/wp-json\/wp\/v2\/types\/page"}],"author":[{"embeddable":true,"href":"https:\/\/decadm.uprrp.edu\/etica\/wp-json\/wp\/v2\/users\/3"}],"replies":[{"embeddable":true,"href":"https:\/\/decadm.uprrp.edu\/etica\/wp-json\/wp\/v2\/comments?post=1888"}],"version-history":[{"count":52,"href":"https:\/\/decadm.uprrp.edu\/etica\/wp-json\/wp\/v2\/pages\/1888\/revisions"}],"predecessor-version":[{"id":2071,"href":"https:\/\/decadm.uprrp.edu\/etica\/wp-json\/wp\/v2\/pages\/1888\/revisions\/2071"}],"wp:attachment":[{"href":"https:\/\/decadm.uprrp.edu\/etica\/wp-json\/wp\/v2\/media?parent=1888"}],"curies":[{"name":"wp","href":"https:\/\/api.w.org\/{rel}","templated":true}]}}