{"id":1740,"date":"2024-01-31T10:03:20","date_gmt":"2024-01-31T14:03:20","guid":{"rendered":"https:\/\/decadmdev.uprrp.edu\/etica\/?page_id=1740"},"modified":"2025-09-16T11:03:05","modified_gmt":"2025-09-16T15:03:05","slug":"contactenos","status":"publish","type":"page","link":"https:\/\/decadm.uprrp.edu\/etica\/contactenos\/","title":{"rendered":"Cont\u00e1ctenos"},"content":{"rendered":"\t\t<div data-elementor-type=\"wp-page\" data-elementor-id=\"1740\" class=\"elementor elementor-1740\">\n\t\t\t\t<div class=\"elementor-element elementor-element-8f4e96d e-con-full e-flex e-con e-parent\" data-id=\"8f4e96d\" data-element_type=\"container\" data-e-type=\"container\">\n\t\t\t\t<div class=\"elementor-element elementor-element-1eabac0 elementor-widget elementor-widget-image\" data-id=\"1eabac0\" data-element_type=\"widget\" data-e-type=\"widget\" data-widget_type=\"image.default\">\n\t\t\t\t<div class=\"elementor-widget-container\">\n\t\t\t\t\t\t\t\t\t\t\t\t\t\t\t<img fetchpriority=\"high\" decoding=\"async\" width=\"801\" height=\"226\" src=\"https:\/\/decadm.uprrp.edu\/etica\/wp-content\/uploads\/sites\/3\/2024\/01\/cropped-cropped-Torre_UPRRP_Aerea-1.png\" class=\"attachment-large size-large wp-image-16\" alt=\"Imagen a\u00e9rea Torre UPRRP\" srcset=\"https:\/\/decadm.uprrp.edu\/etica\/wp-content\/uploads\/sites\/3\/2024\/01\/cropped-cropped-Torre_UPRRP_Aerea-1.png 801w, https:\/\/decadm.uprrp.edu\/etica\/wp-content\/uploads\/sites\/3\/2024\/01\/cropped-cropped-Torre_UPRRP_Aerea-1-300x85.png 300w, https:\/\/decadm.uprrp.edu\/etica\/wp-content\/uploads\/sites\/3\/2024\/01\/cropped-cropped-Torre_UPRRP_Aerea-1-768x217.png 768w\" sizes=\"(max-width: 801px) 100vw, 801px\" \/>\t\t\t\t\t\t\t\t\t\t\t\t\t\t\t<\/div>\n\t\t\t\t<\/div>\n\t\t\t\t<\/div>\n\t\t\t\t<section class=\"elementor-section elementor-top-section elementor-element elementor-element-c99c2e4 elementor-section-boxed elementor-section-height-default elementor-section-height-default\" data-id=\"c99c2e4\" data-element_type=\"section\" data-e-type=\"section\">\n\t\t\t\t\t\t<div class=\"elementor-container elementor-column-gap-default\">\n\t\t\t\t\t<div class=\"elementor-column elementor-col-100 elementor-top-column elementor-element elementor-element-eecea5a\" data-id=\"eecea5a\" data-element_type=\"column\" data-e-type=\"column\" data-settings=\"{&quot;background_background&quot;:&quot;classic&quot;}\">\n\t\t\t<div class=\"elementor-widget-wrap elementor-element-populated\">\n\t\t\t\t\t\t<section class=\"elementor-section elementor-inner-section elementor-element elementor-element-43cb923 elementor-section-boxed elementor-section-height-default elementor-section-height-default\" data-id=\"43cb923\" data-element_type=\"section\" data-e-type=\"section\">\n\t\t\t\t\t\t<div class=\"elementor-container elementor-column-gap-default\">\n\t\t\t\t\t<div class=\"elementor-column elementor-col-50 elementor-inner-column elementor-element elementor-element-1a0ce3d\" data-id=\"1a0ce3d\" data-element_type=\"column\" data-e-type=\"column\">\n\t\t\t<div class=\"elementor-widget-wrap elementor-element-populated\">\n\t\t\t\t\t\t<div class=\"elementor-element elementor-element-16c7529 elementor-widget elementor-widget-heading\" data-id=\"16c7529\" data-element_type=\"widget\" data-e-type=\"widget\" data-widget_type=\"heading.default\">\n\t\t\t\t<div class=\"elementor-widget-container\">\n\t\t\t\t\t<h2 class=\"elementor-heading-title elementor-size-default\">Integrantes del Comit\u00e9<\/h2>\t\t\t\t<\/div>\n\t\t\t\t<\/div>\n\t\t\t\t\t<\/div>\n\t\t<\/div>\n\t\t\t\t<div class=\"elementor-column elementor-col-50 elementor-inner-column elementor-element elementor-element-5f1740a\" data-id=\"5f1740a\" data-element_type=\"column\" data-e-type=\"column\">\n\t\t\t<div class=\"elementor-widget-wrap elementor-element-populated\">\n\t\t\t\t\t\t<div class=\"elementor-element elementor-element-b3d2a76 elementor-widget elementor-widget-text-editor\" data-id=\"b3d2a76\" data-element_type=\"widget\" data-e-type=\"widget\" data-widget_type=\"text-editor.default\">\n\t\t\t\t<div class=\"elementor-widget-container\">\n\t\t\t\t\t\t\t\t\t<ul><li class=\"elementor-heading-title elementor-size-default\">Sa. Laura S\u00e1nchez\u00a0 Rodr\u00edguez, Directora de Finanzas<\/li><li class=\"elementor-heading-title elementor-size-default\">Dra. Aida R. Lozada Rivera, Catedr\u00e1tica Asociada FAE (T\u00e9rmino: tres a\u00f1os)<br \/><a href=\"mailto:aida.lozada@upr.edu\">aida.lozada@upr.edu<\/a><\/li><li class=\"elementor-heading-title elementor-size-default\">Sa. Noem\u00ed Hern\u00e1ndez Santos, Oficial Administrativo, Biblioteca Esc. Derecho (T\u00e9rmino: tres a\u00f1os) <a href=\"mailto:noemi.hernandez4@upr.edu\">noemi.hernandez4@upr.edu<\/a><\/li><\/ul>\t\t\t\t\t\t\t\t<\/div>\n\t\t\t\t<\/div>\n\t\t\t\t<div class=\"elementor-element elementor-element-36b1e6c elementor-widget elementor-widget-heading\" data-id=\"36b1e6c\" data-element_type=\"widget\" data-e-type=\"widget\" data-widget_type=\"heading.default\">\n\t\t\t\t<div class=\"elementor-widget-container\">\n\t\t\t\t\t<h2 class=\"elementor-heading-title elementor-size-default\">Coordinadoras Web<\/h2>\t\t\t\t<\/div>\n\t\t\t\t<\/div>\n\t\t\t\t<div class=\"elementor-element elementor-element-9d43301 elementor-widget elementor-widget-text-editor\" data-id=\"9d43301\" data-element_type=\"widget\" data-e-type=\"widget\" data-widget_type=\"text-editor.default\">\n\t\t\t\t<div class=\"elementor-widget-container\">\n\t\t\t\t\t\t\t\t\t<p><strong>Sra. Aida Santiago Vargas<\/strong><br \/><a href=\"mailto:aida.santiago@upr.edu\">aida.santiago@upr.edu<\/a><\/p><p><strong>Sra. Lymari Orellana Ocasio<\/strong><br \/><br \/><\/p>\t\t\t\t\t\t\t\t<\/div>\n\t\t\t\t<\/div>\n\t\t\t\t<div class=\"elementor-element elementor-element-0f9bfbd elementor-widget elementor-widget-heading\" data-id=\"0f9bfbd\" data-element_type=\"widget\" data-e-type=\"widget\" data-widget_type=\"heading.default\">\n\t\t\t\t<div class=\"elementor-widget-container\">\n\t\t\t\t\t<h2 class=\"elementor-heading-title elementor-size-default\">Ubicaci\u00f3n<\/h2>\t\t\t\t<\/div>\n\t\t\t\t<\/div>\n\t\t\t\t<div class=\"elementor-element elementor-element-9259a8b elementor-widget elementor-widget-text-editor\" data-id=\"9259a8b\" data-element_type=\"widget\" data-e-type=\"widget\" data-widget_type=\"text-editor.default\">\n\t\t\t\t<div class=\"elementor-widget-container\">\n\t\t\t\t\t\t\t\t\t<p><strong>Oficina de Recursos Humanos<\/strong><br \/>3er Piso Torre Sur<br \/>Plaza Universitaria<br \/>Recinto de R\u00edo Piedras, UPR<br \/><a href=\"mailto:comite-etica.rp@upr.edu\">comite-etica.rp@upr.edu<\/a><\/p>\t\t\t\t\t\t\t\t<\/div>\n\t\t\t\t<\/div>\n\t\t\t\t<div class=\"elementor-element elementor-element-ae83838 elementor-widget elementor-widget-heading\" data-id=\"ae83838\" data-element_type=\"widget\" data-e-type=\"widget\" data-widget_type=\"heading.default\">\n\t\t\t\t<div class=\"elementor-widget-container\">\n\t\t\t\t\t<h2 class=\"elementor-heading-title elementor-size-default\">Composici\u00f3n<\/h2>\t\t\t\t<\/div>\n\t\t\t\t<\/div>\n\t\t\t\t<div class=\"elementor-element elementor-element-d96c951 elementor-widget elementor-widget-text-editor\" data-id=\"d96c951\" data-element_type=\"widget\" data-e-type=\"widget\" data-widget_type=\"text-editor.default\">\n\t\t\t\t<div class=\"elementor-widget-container\">\n\t\t\t\t\t\t\t\t\t<p>El Art\u00edculo 2.5, Ley \u00c9tica establece que el Comit\u00e9 de \u00c9tica estar\u00e1 compuesto por los siguientes servidores p\u00fablicos:<\/p><ul><li>Director(a) de la Oficina de Recursos Humanos<\/li><li>Director(a) de la Oficina de Finanzas<\/li><li><strong>3 <\/strong>servidores p\u00fablicos del <strong>servicio de carrera<\/strong>, electos mediante votaci\u00f3n por el personal de la agencia. <strong>Dos<\/strong> de los miembros ser\u00e1n electos por un <strong>t\u00e9rmino de tres<\/strong> a\u00f1os y <strong>uno<\/strong>, por <strong>cinco a\u00f1os<\/strong>.<\/li><\/ul>\t\t\t\t\t\t\t\t<\/div>\n\t\t\t\t<\/div>\n\t\t\t\t\t<\/div>\n\t\t<\/div>\n\t\t\t\t\t<\/div>\n\t\t<\/section>\n\t\t\t\t\t<\/div>\n\t\t<\/div>\n\t\t\t\t\t<\/div>\n\t\t<\/section>\n\t\t\t\t<\/div>\n\t\t","protected":false},"excerpt":{"rendered":"<p>Integrantes del Comit\u00e9 Sa. Laura S\u00e1nchez\u00a0 Rodr\u00edguez, Directora de Finanzas Dra. Aida R. Lozada Rivera, Catedr\u00e1tica Asociada FAE (T\u00e9rmino: tres a\u00f1os)aida.lozada@upr.edu Sa. Noem\u00ed Hern\u00e1ndez Santos, Oficial Administrativo, Biblioteca Esc. Derecho [&hellip;]<\/p>\n","protected":false},"author":3,"featured_media":0,"parent":0,"menu_order":0,"comment_status":"closed","ping_status":"closed","template":"page-templates\/pagebuilder.php","meta":{"_themeisle_gutenberg_block_has_review":false,"footnotes":""},"class_list":["post-1740","page","type-page","status-publish","hentry"],"rttpg_featured_image_url":null,"rttpg_author":{"display_name":false,"author_link":"https:\/\/decadm.uprrp.edu\/etica\/author\/juan\/"},"rttpg_comment":0,"rttpg_category":null,"rttpg_excerpt":"Integrantes del Comit\u00e9 Sa. Laura S\u00e1nchez\u00a0 Rodr\u00edguez, Directora de Finanzas Dra. Aida R. Lozada Rivera, Catedr\u00e1tica Asociada FAE (T\u00e9rmino: tres a\u00f1os)aida.lozada@upr.edu Sa. Noem\u00ed Hern\u00e1ndez Santos, Oficial Administrativo, Biblioteca Esc. Derecho [&hellip;]","_links":{"self":[{"href":"https:\/\/decadm.uprrp.edu\/etica\/wp-json\/wp\/v2\/pages\/1740","targetHints":{"allow":["GET"]}}],"collection":[{"href":"https:\/\/decadm.uprrp.edu\/etica\/wp-json\/wp\/v2\/pages"}],"about":[{"href":"https:\/\/decadm.uprrp.edu\/etica\/wp-json\/wp\/v2\/types\/page"}],"author":[{"embeddable":true,"href":"https:\/\/decadm.uprrp.edu\/etica\/wp-json\/wp\/v2\/users\/3"}],"replies":[{"embeddable":true,"href":"https:\/\/decadm.uprrp.edu\/etica\/wp-json\/wp\/v2\/comments?post=1740"}],"version-history":[{"count":28,"href":"https:\/\/decadm.uprrp.edu\/etica\/wp-json\/wp\/v2\/pages\/1740\/revisions"}],"predecessor-version":[{"id":2197,"href":"https:\/\/decadm.uprrp.edu\/etica\/wp-json\/wp\/v2\/pages\/1740\/revisions\/2197"}],"wp:attachment":[{"href":"https:\/\/decadm.uprrp.edu\/etica\/wp-json\/wp\/v2\/media?parent=1740"}],"curies":[{"name":"wp","href":"https:\/\/api.w.org\/{rel}","templated":true}]}}