{"id":1696,"date":"2024-01-30T11:55:35","date_gmt":"2024-01-30T15:55:35","guid":{"rendered":"https:\/\/decadmdev.uprrp.edu\/etica\/?page_id=1696"},"modified":"2024-06-03T14:16:53","modified_gmt":"2024-06-03T18:16:53","slug":"informes","status":"publish","type":"page","link":"https:\/\/decadm.uprrp.edu\/etica\/informes\/","title":{"rendered":"Informes"},"content":{"rendered":"\t\t<div data-elementor-type=\"wp-page\" data-elementor-id=\"1696\" class=\"elementor elementor-1696\">\n\t\t\t\t<div class=\"elementor-element elementor-element-8f4e96d e-con-full e-flex e-con e-parent\" data-id=\"8f4e96d\" data-element_type=\"container\" data-e-type=\"container\">\n\t\t\t\t<div class=\"elementor-element elementor-element-1eabac0 elementor-widget elementor-widget-image\" data-id=\"1eabac0\" data-element_type=\"widget\" data-e-type=\"widget\" data-widget_type=\"image.default\">\n\t\t\t\t<div class=\"elementor-widget-container\">\n\t\t\t\t\t\t\t\t\t\t\t\t\t\t\t<img fetchpriority=\"high\" decoding=\"async\" width=\"801\" height=\"226\" src=\"https:\/\/decadm.uprrp.edu\/etica\/wp-content\/uploads\/sites\/3\/2024\/01\/cropped-cropped-Torre_UPRRP_Aerea-1.png\" class=\"attachment-large size-large wp-image-16\" alt=\"Imagen a\u00e9rea Torre UPRRP\" srcset=\"https:\/\/decadm.uprrp.edu\/etica\/wp-content\/uploads\/sites\/3\/2024\/01\/cropped-cropped-Torre_UPRRP_Aerea-1.png 801w, https:\/\/decadm.uprrp.edu\/etica\/wp-content\/uploads\/sites\/3\/2024\/01\/cropped-cropped-Torre_UPRRP_Aerea-1-300x85.png 300w, https:\/\/decadm.uprrp.edu\/etica\/wp-content\/uploads\/sites\/3\/2024\/01\/cropped-cropped-Torre_UPRRP_Aerea-1-768x217.png 768w\" sizes=\"(max-width: 801px) 100vw, 801px\" \/>\t\t\t\t\t\t\t\t\t\t\t\t\t\t\t<\/div>\n\t\t\t\t<\/div>\n\t\t\t\t<\/div>\n\t\t\t\t<section class=\"elementor-section elementor-top-section elementor-element elementor-element-c99c2e4 elementor-section-boxed elementor-section-height-default elementor-section-height-default\" data-id=\"c99c2e4\" data-element_type=\"section\" data-e-type=\"section\">\n\t\t\t\t\t\t<div class=\"elementor-container elementor-column-gap-default\">\n\t\t\t\t\t<div class=\"elementor-column elementor-col-100 elementor-top-column elementor-element elementor-element-eecea5a\" data-id=\"eecea5a\" data-element_type=\"column\" data-e-type=\"column\" data-settings=\"{&quot;background_background&quot;:&quot;classic&quot;}\">\n\t\t\t<div class=\"elementor-widget-wrap elementor-element-populated\">\n\t\t\t\t\t\t<section class=\"elementor-section elementor-inner-section elementor-element elementor-element-43cb923 elementor-section-boxed elementor-section-height-default elementor-section-height-default\" data-id=\"43cb923\" data-element_type=\"section\" data-e-type=\"section\">\n\t\t\t\t\t\t<div class=\"elementor-container elementor-column-gap-default\">\n\t\t\t\t\t<div class=\"elementor-column elementor-col-50 elementor-inner-column elementor-element elementor-element-1a0ce3d\" data-id=\"1a0ce3d\" data-element_type=\"column\" data-e-type=\"column\">\n\t\t\t<div class=\"elementor-widget-wrap elementor-element-populated\">\n\t\t\t\t\t\t<div class=\"elementor-element elementor-element-16c7529 elementor-widget elementor-widget-heading\" data-id=\"16c7529\" data-element_type=\"widget\" data-e-type=\"widget\" data-widget_type=\"heading.default\">\n\t\t\t\t<div class=\"elementor-widget-container\">\n\t\t\t\t\t<h2 class=\"elementor-heading-title elementor-size-default\">Informes Financieros<\/h2>\t\t\t\t<\/div>\n\t\t\t\t<\/div>\n\t\t\t\t\t<\/div>\n\t\t<\/div>\n\t\t\t\t<div class=\"elementor-column elementor-col-50 elementor-inner-column elementor-element elementor-element-5f1740a\" data-id=\"5f1740a\" data-element_type=\"column\" data-e-type=\"column\">\n\t\t\t<div class=\"elementor-widget-wrap elementor-element-populated\">\n\t\t\t\t\t\t<div class=\"elementor-element elementor-element-e497d75 elementor-widget elementor-widget-text-editor\" data-id=\"e497d75\" data-element_type=\"widget\" data-e-type=\"widget\" data-widget_type=\"text-editor.default\">\n\t\t\t\t<div class=\"elementor-widget-container\">\n\t\t\t\t\t\t\t\t\t<header class=\"post-header\"><p>Funcionarios y empleados del Recinto de Rio Piedras que la Ley \u00c9tica le requiere rendir informes financieros <strong>por el puesto que ocupan<\/strong> o por las <strong>funciones que realizan son<\/strong>:<\/p><ul><li>Rector(a)<\/li><li>Decanos(a) de Administraci\u00f3n<\/li><li>Decano(a) de Escuela de Derecho<\/li><li>Decano(a) Estudios Graduados e Investigaci\u00f3n<\/li><li>Director(a) de Presupuesto<\/li><li>Director(a) de Finanzas<\/li><li>Director(a) de OCIU<\/li><li>Director(a) de Compras<\/li><li>Director(a) de la OPDF<\/li><li>Director(a) de DTAA<\/li><li>Oficial de la Propiedad<\/li><li>Agente Comprador<\/li><li>Miembros de Junta de Subastas<\/li><li>Funcionarios que ejercen funciones de recaudaci\u00f3n y cobro<\/li><\/ul><p>\u00a0<\/p><p><strong>Frecuencia y alcance de los informes financieros<\/strong><\/p><ul><li>Se tramita electr\u00f3nica el 1 de mayo de cada a\u00f1o.<\/li><li><strong>Al tomar posesi\u00f3n<\/strong> de un cargo, 90 d\u00edas despu\u00e9s de la fecha en que lo asumieron<\/li><li><strong>al cesar en un puesto<\/strong>, 90 d\u00edas despu\u00e9s de la fecha en que cesaron.<\/li><li>ocupar un <strong>puesto interinamente<\/strong>, por un t\u00e9rmino mayor de 60 d\u00edas, 90 d\u00edas posteriores al ocupar el puesto.<\/li><\/ul><p><a href=\"https:\/\/www.eticapr.com\/informes-financieros\" target=\"_blank\" rel=\"noopener\">Informes Financieros<\/a><\/p><\/header>\t\t\t\t\t\t\t\t<\/div>\n\t\t\t\t<\/div>\n\t\t\t\t\t<\/div>\n\t\t<\/div>\n\t\t\t\t\t<\/div>\n\t\t<\/section>\n\t\t\t\t\t<\/div>\n\t\t<\/div>\n\t\t\t\t\t<\/div>\n\t\t<\/section>\n\t\t\t\t<\/div>\n\t\t","protected":false},"excerpt":{"rendered":"<p>Informes Financieros Funcionarios y empleados del Recinto de Rio Piedras que la Ley \u00c9tica le requiere rendir informes financieros por el puesto que ocupan o por las funciones que realizan [&hellip;]<\/p>\n","protected":false},"author":3,"featured_media":0,"parent":0,"menu_order":0,"comment_status":"closed","ping_status":"closed","template":"page-templates\/pagebuilder.php","meta":{"_themeisle_gutenberg_block_has_review":false,"footnotes":""},"class_list":["post-1696","page","type-page","status-publish","hentry"],"rttpg_featured_image_url":null,"rttpg_author":{"display_name":false,"author_link":"https:\/\/decadm.uprrp.edu\/etica\/author\/juan\/"},"rttpg_comment":0,"rttpg_category":null,"rttpg_excerpt":"Informes Financieros Funcionarios y empleados del Recinto de Rio Piedras que la Ley \u00c9tica le requiere rendir informes financieros por el puesto que ocupan o por las funciones que realizan [&hellip;]","_links":{"self":[{"href":"https:\/\/decadm.uprrp.edu\/etica\/wp-json\/wp\/v2\/pages\/1696","targetHints":{"allow":["GET"]}}],"collection":[{"href":"https:\/\/decadm.uprrp.edu\/etica\/wp-json\/wp\/v2\/pages"}],"about":[{"href":"https:\/\/decadm.uprrp.edu\/etica\/wp-json\/wp\/v2\/types\/page"}],"author":[{"embeddable":true,"href":"https:\/\/decadm.uprrp.edu\/etica\/wp-json\/wp\/v2\/users\/3"}],"replies":[{"embeddable":true,"href":"https:\/\/decadm.uprrp.edu\/etica\/wp-json\/wp\/v2\/comments?post=1696"}],"version-history":[{"count":16,"href":"https:\/\/decadm.uprrp.edu\/etica\/wp-json\/wp\/v2\/pages\/1696\/revisions"}],"predecessor-version":[{"id":2086,"href":"https:\/\/decadm.uprrp.edu\/etica\/wp-json\/wp\/v2\/pages\/1696\/revisions\/2086"}],"wp:attachment":[{"href":"https:\/\/decadm.uprrp.edu\/etica\/wp-json\/wp\/v2\/media?parent=1696"}],"curies":[{"name":"wp","href":"https:\/\/api.w.org\/{rel}","templated":true}]}}