{"id":1635,"date":"2024-01-29T13:57:40","date_gmt":"2024-01-29T17:57:40","guid":{"rendered":"https:\/\/decadmdev.uprrp.edu\/etica\/?page_id=1635"},"modified":"2024-06-03T14:06:43","modified_gmt":"2024-06-03T18:06:43","slug":"reglamentacion","status":"publish","type":"page","link":"https:\/\/decadm.uprrp.edu\/etica\/reglamentacion\/","title":{"rendered":"Reglamentaci\u00f3n"},"content":{"rendered":"\t\t<div data-elementor-type=\"wp-page\" data-elementor-id=\"1635\" class=\"elementor elementor-1635\">\n\t\t\t\t<div class=\"elementor-element elementor-element-537039d e-con-full e-flex e-con e-parent\" data-id=\"537039d\" data-element_type=\"container\" data-e-type=\"container\" data-settings=\"{&quot;background_background&quot;:&quot;classic&quot;}\">\n\t\t\t\t<div class=\"elementor-element elementor-element-e591a56 elementor-widget elementor-widget-image\" data-id=\"e591a56\" data-element_type=\"widget\" data-e-type=\"widget\" data-widget_type=\"image.default\">\n\t\t\t\t<div class=\"elementor-widget-container\">\n\t\t\t\t\t\t\t\t\t\t\t\t\t\t\t<img fetchpriority=\"high\" decoding=\"async\" width=\"801\" height=\"226\" src=\"https:\/\/decadm.uprrp.edu\/etica\/wp-content\/uploads\/sites\/3\/2024\/01\/cropped-cropped-Torre_UPRRP_Aerea-1.png\" class=\"attachment-large size-large wp-image-16\" alt=\"Imagen a\u00e9rea Torre UPRRP\" srcset=\"https:\/\/decadm.uprrp.edu\/etica\/wp-content\/uploads\/sites\/3\/2024\/01\/cropped-cropped-Torre_UPRRP_Aerea-1.png 801w, https:\/\/decadm.uprrp.edu\/etica\/wp-content\/uploads\/sites\/3\/2024\/01\/cropped-cropped-Torre_UPRRP_Aerea-1-300x85.png 300w, https:\/\/decadm.uprrp.edu\/etica\/wp-content\/uploads\/sites\/3\/2024\/01\/cropped-cropped-Torre_UPRRP_Aerea-1-768x217.png 768w\" sizes=\"(max-width: 801px) 100vw, 801px\" \/>\t\t\t\t\t\t\t\t\t\t\t\t\t\t\t<\/div>\n\t\t\t\t<\/div>\n\t\t\t\t<\/div>\n\t\t\t\t<section class=\"elementor-section elementor-top-section elementor-element elementor-element-c99c2e4 elementor-section-boxed elementor-section-height-default elementor-section-height-default\" data-id=\"c99c2e4\" data-element_type=\"section\" data-e-type=\"section\" data-settings=\"{&quot;background_background&quot;:&quot;classic&quot;}\">\n\t\t\t\t\t\t\t<div class=\"elementor-background-overlay\"><\/div>\n\t\t\t\t\t\t\t<div class=\"elementor-container elementor-column-gap-default\">\n\t\t\t\t\t<div class=\"elementor-column elementor-col-100 elementor-top-column elementor-element elementor-element-eecea5a\" data-id=\"eecea5a\" data-element_type=\"column\" data-e-type=\"column\" data-settings=\"{&quot;background_background&quot;:&quot;classic&quot;}\">\n\t\t\t<div class=\"elementor-widget-wrap elementor-element-populated\">\n\t\t\t\t\t\t<section class=\"elementor-section elementor-inner-section elementor-element elementor-element-43cb923 elementor-section-boxed elementor-section-height-default elementor-section-height-default\" data-id=\"43cb923\" data-element_type=\"section\" data-e-type=\"section\">\n\t\t\t\t\t\t<div class=\"elementor-container elementor-column-gap-default\">\n\t\t\t\t\t<div class=\"elementor-column elementor-col-50 elementor-inner-column elementor-element elementor-element-1a0ce3d\" data-id=\"1a0ce3d\" data-element_type=\"column\" data-e-type=\"column\">\n\t\t\t<div class=\"elementor-widget-wrap elementor-element-populated\">\n\t\t\t\t\t\t<div class=\"elementor-element elementor-element-16c7529 elementor-widget__width-initial elementor-widget elementor-widget-heading\" data-id=\"16c7529\" data-element_type=\"widget\" data-e-type=\"widget\" data-widget_type=\"heading.default\">\n\t\t\t\t<div class=\"elementor-widget-container\">\n\t\t\t\t\t<h2 class=\"elementor-heading-title elementor-size-medium\">Reglamentaci\u00f3n<\/h2>\t\t\t\t<\/div>\n\t\t\t\t<\/div>\n\t\t\t\t\t<\/div>\n\t\t<\/div>\n\t\t\t\t<div class=\"elementor-column elementor-col-50 elementor-inner-column elementor-element elementor-element-5f1740a\" data-id=\"5f1740a\" data-element_type=\"column\" data-e-type=\"column\">\n\t\t\t<div class=\"elementor-widget-wrap elementor-element-populated\">\n\t\t\t\t\t\t<div class=\"elementor-element elementor-element-e497d75 elementor-widget__width-initial elementor-widget elementor-widget-text-editor\" data-id=\"e497d75\" data-element_type=\"widget\" data-e-type=\"widget\" data-widget_type=\"text-editor.default\">\n\t\t\t\t<div class=\"elementor-widget-container\">\n\t\t\t\t\t\t\t\t\t<p class=\"all\"><strong>Requisito de Ley de cumplir con veinte (20) horas de educaci\u00f3n en materia de \u00e9tica<\/strong><\/p><p>La Ley N\u00fam. 1 del 3 de enero de 2012, seg\u00fan enmendada, Ley de \u00c9tica Gubernamental, requiere que todo servidor p\u00fablico de la Rama Ejecutiva,<strong> acumular cada dos (2) a\u00f1os un m\u00ednimo de veinte (20<\/strong>) horas de adiestramientos en materia de \u00e9tica, de los cuales diez (10) horas tienen que completarse a trav\u00e9s de adiestramientos o de cualquier otro m\u00e9todo desarrollado por el Centro para el Desarrollo del Pensamiento \u00c9tico (CDPE).<\/p><p>Dentro de las veinte (20) horas de adiestramientos, la OEG vendr\u00e1 obligada a ofrecer un curso sobre violencia dom\u00e9stica y uno sobre prevenci\u00f3n del suicidio a todo empleado gubernamental cobijado por Ley de \u00c9tica.<\/p><p>Para facilitar el cumplimiento de las 20 horas cr\u00e9dito, es altamente recomendable cumplir con 5 horas por semestre. Existen varios m\u00e9todos de educaci\u00f3n continua, como lo son la lectura de la Revista Ethos, la convalidaci\u00f3n de cursos, m\u00e9todos alternos, etc. Estos m\u00e9todos pueden ser adquiridos en la p\u00e1gina web oficial de la OEG en el enlace: <a href=\"https:\/\/www.eticapr.com\/\">https:\/\/www.eticapr.com\/<\/a> .<\/p><p>Todos los empleados del Recinto de R\u00edo Piedras-UPR tienen la responsabilidad de cumplir con (20) horas de educaci\u00f3n continua en materia de \u00e9tica requeridas.\u00a0<\/p><p>Tienen hasta el <strong>30 de junio del a\u00f1o que finaliza cada periodo bienal<\/strong> para cumplir. El tiempo utilizado para cumplir con la obligaci\u00f3n que le impone la Ley de \u00c9tica, se conceder\u00e1 <strong>sin cargo a licencias<\/strong>.<\/p><p>Si desea conocer cu\u00e1ntas horas acreditadas tiene, debe acceder al siguiente enlace, que le dirige al Sistema de Registro de Adiestramientos del CDPE (Sistema de Registro): <a href=\"https:\/\/reif.oeg.gobierno.pr\/cdpepus\">https:\/\/reif.oeg.gobierno.pr\/cdpepus<\/a>. Al registrarse, debe considerar que, si el nombre o apellido tiene acento, debe incluirlo.<\/p><p><span style=\"font-style: inherit; font-weight: inherit;\">La UPR tiene disponible adiestramientos que se encuentran en <\/span><a style=\"font-style: inherit; font-weight: inherit; background-color: #ffffff;\" href=\"http:\/\/adiestramientos.upr.edu\">http:\/\/adiestramientos.upr.edu<\/a><\/p><p>El Centro para la Excelencia Acad\u00e9mica,\u00a0 Recinto de Rio Piedras-UPR tiene m\u00f3dulos autodirigidos, a los que puede acceder en la direcci\u00f3n <a href=\"https:\/\/cea.uprrp.edu\">https:\/\/cea.uprrp.edu<\/a>.\u00a0<\/p>\t\t\t\t\t\t\t\t<\/div>\n\t\t\t\t<\/div>\n\t\t\t\t\t<\/div>\n\t\t<\/div>\n\t\t\t\t\t<\/div>\n\t\t<\/section>\n\t\t\t\t\t<\/div>\n\t\t<\/div>\n\t\t\t\t\t<\/div>\n\t\t<\/section>\n\t\t\t\t<section class=\"elementor-section elementor-top-section elementor-element elementor-element-1ea720c elementor-section-full_width elementor-section-height-default elementor-section-height-default\" data-id=\"1ea720c\" data-element_type=\"section\" data-e-type=\"section\">\n\t\t\t\t\t\t\t<div class=\"elementor-background-overlay\"><\/div>\n\t\t\t\t\t\t\t<div class=\"elementor-container elementor-column-gap-default\">\n\t\t\t\t\t<div class=\"elementor-column elementor-col-100 elementor-top-column elementor-element elementor-element-59fb16e\" data-id=\"59fb16e\" data-element_type=\"column\" data-e-type=\"column\" data-settings=\"{&quot;background_background&quot;:&quot;classic&quot;}\">\n\t\t\t<div class=\"elementor-widget-wrap\">\n\t\t\t\t\t<div class=\"elementor-background-overlay\"><\/div>\n\t\t\t\t\t\t\t<\/div>\n\t\t<\/div>\n\t\t\t\t\t<\/div>\n\t\t<\/section>\n\t\t\t\t<\/div>\n\t\t","protected":false},"excerpt":{"rendered":"<p>Reglamentaci\u00f3n Requisito de Ley de cumplir con veinte (20) horas de educaci\u00f3n en materia de \u00e9tica La Ley N\u00fam. 1 del 3 de enero de 2012, seg\u00fan enmendada, Ley de [&hellip;]<\/p>\n","protected":false},"author":3,"featured_media":0,"parent":0,"menu_order":0,"comment_status":"closed","ping_status":"closed","template":"page-templates\/pagebuilder.php","meta":{"_themeisle_gutenberg_block_has_review":false,"footnotes":""},"class_list":["post-1635","page","type-page","status-publish","hentry"],"rttpg_featured_image_url":null,"rttpg_author":{"display_name":false,"author_link":"https:\/\/decadm.uprrp.edu\/etica\/author\/juan\/"},"rttpg_comment":0,"rttpg_category":null,"rttpg_excerpt":"Reglamentaci\u00f3n Requisito de Ley de cumplir con veinte (20) horas de educaci\u00f3n en materia de \u00e9tica La Ley N\u00fam. 1 del 3 de enero de 2012, seg\u00fan enmendada, Ley de [&hellip;]","_links":{"self":[{"href":"https:\/\/decadm.uprrp.edu\/etica\/wp-json\/wp\/v2\/pages\/1635","targetHints":{"allow":["GET"]}}],"collection":[{"href":"https:\/\/decadm.uprrp.edu\/etica\/wp-json\/wp\/v2\/pages"}],"about":[{"href":"https:\/\/decadm.uprrp.edu\/etica\/wp-json\/wp\/v2\/types\/page"}],"author":[{"embeddable":true,"href":"https:\/\/decadm.uprrp.edu\/etica\/wp-json\/wp\/v2\/users\/3"}],"replies":[{"embeddable":true,"href":"https:\/\/decadm.uprrp.edu\/etica\/wp-json\/wp\/v2\/comments?post=1635"}],"version-history":[{"count":34,"href":"https:\/\/decadm.uprrp.edu\/etica\/wp-json\/wp\/v2\/pages\/1635\/revisions"}],"predecessor-version":[{"id":2079,"href":"https:\/\/decadm.uprrp.edu\/etica\/wp-json\/wp\/v2\/pages\/1635\/revisions\/2079"}],"wp:attachment":[{"href":"https:\/\/decadm.uprrp.edu\/etica\/wp-json\/wp\/v2\/media?parent=1635"}],"curies":[{"name":"wp","href":"https:\/\/api.w.org\/{rel}","templated":true}]}}